{"id":173819,"date":"2025-11-26T13:44:02","date_gmt":"2025-11-26T12:44:02","guid":{"rendered":"https:\/\/www.sp-ps.ch\/?page_id=173819"},"modified":"2025-11-26T15:38:39","modified_gmt":"2025-11-26T14:38:39","slug":"iniziativa-denaro-contante","status":"publish","type":"page","link":"https:\/\/www.sp-ps.ch\/it\/iniziativa-denaro-contante\/","title":{"rendered":"Iniziativa denaro contante"},"content":{"rendered":"\t\t<div data-elementor-type=\"wp-page\" data-elementor-id=\"173819\" class=\"elementor elementor-173819 elementor-173817\" data-elementor-post-type=\"page\">\n\t\t\t\t\t\t<section class=\"elementor-section elementor-top-section elementor-element elementor-element-71319ce elementor-section-boxed elementor-section-height-default elementor-section-height-default\" data-id=\"71319ce\" data-element_type=\"section\" data-settings=\"{&quot;jet_parallax_layout_list&quot;:[]}\">\n\t\t\t\t\t\t<div class=\"elementor-container elementor-column-gap-default\">\n\t\t\t\t\t<div class=\"elementor-column elementor-col-100 elementor-top-column elementor-element elementor-element-9903be1\" data-id=\"9903be1\" data-element_type=\"column\">\n\t\t\t<div class=\"elementor-widget-wrap\">\n\t\t\t\t\t\t\t<\/div>\n\t\t<\/div>\n\t\t\t\t\t<\/div>\n\t\t<\/section>\n\t\t\t\t<section class=\"elementor-section elementor-top-section elementor-element elementor-element-12492b6 elementor-section-boxed elementor-section-height-default elementor-section-height-default\" data-id=\"12492b6\" data-element_type=\"section\" data-settings=\"{&quot;jet_parallax_layout_list&quot;:[]}\">\n\t\t\t\t\t\t<div class=\"elementor-container elementor-column-gap-default\">\n\t\t\t\t\t<div class=\"elementor-column elementor-col-100 elementor-top-column elementor-element elementor-element-e649a99\" data-id=\"e649a99\" data-element_type=\"column\">\n\t\t\t<div class=\"elementor-widget-wrap elementor-element-populated\">\n\t\t\t\t\t\t<div class=\"elementor-element elementor-element-6f10d55 elementor-widget elementor-widget-spps_title_text\" data-id=\"6f10d55\" data-element_type=\"widget\" data-widget_type=\"spps_title_text.default\">\n\t\t\t\t<div class=\"elementor-widget-container\">\n\t\t\t\t\t<div class=\"title-text-wrapper wrapper-spacing-default\"><div class=\"title-text-title\"><h2>Iniziativa popolare \u00abIl denaro contante \u00e8 libert\u00e0\u00bb e controprogetto diretto<\/h2><\/div><div class=\"title-text-container\"><div class=\"title-text-text\"><p>I promotori dell'iniziativa sul denaro contante vogliono che ci sia sempre \u00absufficiente\u00bb contante. Allo stesso tempo, se si dovesse cambiare la moneta nazionale, la decisione andrebbe fatta dal popolo e dai Cantoni<strong>. Anche se sembra innocua, questa iniziativa \u00e8 scritta in modo confuso e, visto quello che dice gi\u00e0 attualmente la legge, non serve a niente.<\/strong> Per questo, diciamo NO all'iniziativa sul denaro contante e appoggiamo il controprogetto diretto per i seguenti motivi:<\/p><\/div><\/div><\/div>\t\t\t\t<\/div>\n\t\t\t\t<\/div>\n\t\t\t\t<div class=\"elementor-element elementor-element-5f16c51 elementor-widget elementor-widget-spps_title_text\" data-id=\"5f16c51\" data-element_type=\"widget\" data-widget_type=\"spps_title_text.default\">\n\t\t\t\t<div class=\"elementor-widget-container\">\n\t\t\t\t\t<div class=\"title-text-wrapper wrapper-spacing-small\"><div class=\"title-text-title\"><h3>Iniziativa inutile e formulata in modo grossolana<\/h3><\/div><div class=\"title-text-container\"><div class=\"title-text-text\"><p>Le richieste dell'iniziativa sul denaro contante sono gi\u00e0 state soddisfatte. Per poter sostituire il franco svizzero come valuta, serve gi\u00e0 adesso una modifica della Costituzione da approvare dalla doppia maggioranza del popolo e dei Cantoni. Inoltre, la legge sulla Banca nazionale svizzera obbliga gi\u00e0 oggi la Banca nazionale svizzera a garantire una disponibilit\u00e0 sufficiente di denaro contante.<\/p><p>L'iniziativa, invece, non \u00e8 molto precisa. Da un lato, nel testo dell'iniziativa viene usato un nome sbagliato per la moneta nazionale. Dall'altro, non \u00e8 chiaro cosa si intenda per \u00abquantit\u00e0 sufficiente\u00bb di monete e banconote. Questo \u00e8 un punto delicato dal punto di vista della politica monetaria.<\/p><\/div><\/div><\/div>\t\t\t\t<\/div>\n\t\t\t\t<\/div>\n\t\t\t\t<div class=\"elementor-element elementor-element-1c849e3 elementor-widget elementor-widget-spps_title_text\" data-id=\"1c849e3\" data-element_type=\"widget\" data-widget_type=\"spps_title_text.default\">\n\t\t\t\t<div class=\"elementor-widget-container\">\n\t\t\t\t\t<div class=\"title-text-wrapper wrapper-spacing-small\"><div class=\"title-text-title\"><h3>Un controprogetto chiaro<\/h3><\/div><div class=\"title-text-container\"><div class=\"title-text-text\"><p>Il controprogetto presentato eleva le disposizioni legislative gi\u00e0 esistenti a livello costituzionale. In questo modo, secondo la volont\u00e0 dei promotori dell'iniziativa, il franco svizzero viene stabilito come valuta e la disponibilit\u00e0 di contante viene rafforzata \u2013 entrambi a livello costituzionale. Il PS Svizzero pu\u00f2 sostenere questo compromesso.<\/p><\/div><\/div><\/div>\t\t\t\t<\/div>\n\t\t\t\t<\/div>\n\t\t\t\t<div class=\"elementor-element elementor-element-db9f476 elementor-widget elementor-widget-spps_title_text\" data-id=\"db9f476\" data-element_type=\"widget\" data-widget_type=\"spps_title_text.default\">\n\t\t\t\t<div class=\"elementor-widget-container\">\n\t\t\t\t\t<div class=\"title-text-wrapper wrapper-spacing-small\"><div class=\"title-text-title\"><h3>Accessibilit\u00e0 tecnologicamente neutrale dei servizi<\/h3><\/div><div class=\"title-text-container\"><div class=\"title-text-text\"><p>L'uso del denaro contante ha indubbi vantaggi. Le transazioni con monete e banconote sono gratuite e accessibili anche a chi ha difficolt\u00e0 o non pu\u00f2 usare i pagamenti senza contanti. Soprattutto i bambini o gli adulti che non hanno carte di credito o smartphone possono ricorrere al denaro contante. Il controprogetto rafforza anche simbolicamente l'accettazione del contante come mezzo di pagamento e quindi l'accessibilit\u00e0 ai servizi a pagamento.<\/p><\/div><\/div><\/div>\t\t\t\t<\/div>\n\t\t\t\t<\/div>\n\t\t\t\t<div class=\"elementor-element elementor-element-b46e5be elementor-widget elementor-widget-spacer\" data-id=\"b46e5be\" data-element_type=\"widget\" data-widget_type=\"spacer.default\">\n\t\t\t\t<div class=\"elementor-widget-container\">\n\t\t\t\t\t\t\t<div class=\"elementor-spacer\">\n\t\t\t<div class=\"elementor-spacer-inner\"><\/div>\n\t\t<\/div>\n\t\t\t\t\t\t<\/div>\n\t\t\t\t<\/div>\n\t\t\t\t\t<\/div>\n\t\t<\/div>\n\t\t\t\t\t<\/div>\n\t\t<\/section>\n\t\t\t\t<\/div>\n\t\t","protected":false},"excerpt":{"rendered":"<p>Iniziativa popolare \u00abIl denaro contante \u00e8 libert\u00e0\u00bb e controprogetto diretto I promotori dell&#8217;iniziativa sul denaro contante vogliono che ci sia sempre \u00absufficiente\u00bb contante. Allo stesso tempo, se si dovesse cambiare [&hellip;]<\/p>\n","protected":false},"author":99,"featured_media":0,"parent":0,"menu_order":1,"comment_status":"closed","ping_status":"closed","template":"","meta":{"footnotes":""},"class_list":["post-173819","page","type-page","status-publish","hentry"],"_links":{"self":[{"href":"https:\/\/www.sp-ps.ch\/it\/wp-json\/wp\/v2\/pages\/173819","targetHints":{"allow":["GET"]}}],"collection":[{"href":"https:\/\/www.sp-ps.ch\/it\/wp-json\/wp\/v2\/pages"}],"about":[{"href":"https:\/\/www.sp-ps.ch\/it\/wp-json\/wp\/v2\/types\/page"}],"author":[{"embeddable":true,"href":"https:\/\/www.sp-ps.ch\/it\/wp-json\/wp\/v2\/users\/99"}],"replies":[{"embeddable":true,"href":"https:\/\/www.sp-ps.ch\/it\/wp-json\/wp\/v2\/comments?post=173819"}],"version-history":[{"count":16,"href":"https:\/\/www.sp-ps.ch\/it\/wp-json\/wp\/v2\/pages\/173819\/revisions"}],"predecessor-version":[{"id":173859,"href":"https:\/\/www.sp-ps.ch\/it\/wp-json\/wp\/v2\/pages\/173819\/revisions\/173859"}],"wp:attachment":[{"href":"https:\/\/www.sp-ps.ch\/it\/wp-json\/wp\/v2\/media?parent=173819"}],"curies":[{"name":"wp","href":"https:\/\/api.w.org\/{rel}","templated":true}]}}