{"id":178055,"date":"2026-02-02T14:11:10","date_gmt":"2026-02-02T13:11:10","guid":{"rendered":"https:\/\/www.sp-ps.ch\/in-lingua-facile-no-alliniziativa-sul-denaro-contante-si-al-contro-progetto\/"},"modified":"2026-02-02T15:42:11","modified_gmt":"2026-02-02T14:42:11","slug":"in-lingua-facile-no-alliniziativa-sul-denaro-contante-si-al-contro-progetto","status":"publish","type":"page","link":"https:\/\/www.sp-ps.ch\/it\/in-lingua-facile-no-alliniziativa-sul-denaro-contante-si-al-contro-progetto\/","title":{"rendered":"In lingua facile: NO all&#8217;iniziativa sul denaro contante, S\u00ec al contro-progetto"},"content":{"rendered":"\t\t<div data-elementor-type=\"wp-page\" data-elementor-id=\"178055\" class=\"elementor elementor-178055 elementor-178044\" data-elementor-post-type=\"page\">\n\t\t\t\t\t\t<section class=\"elementor-section elementor-top-section elementor-element elementor-element-3dd765a elementor-section-boxed elementor-section-height-default elementor-section-height-default\" data-id=\"3dd765a\" data-element_type=\"section\" data-settings=\"{&quot;jet_parallax_layout_list&quot;:[]}\">\n\t\t\t\t\t\t<div class=\"elementor-container elementor-column-gap-default\">\n\t\t\t\t\t<div class=\"elementor-column elementor-col-100 elementor-top-column elementor-element elementor-element-1519eca\" data-id=\"1519eca\" data-element_type=\"column\">\n\t\t\t<div class=\"elementor-widget-wrap elementor-element-populated\">\n\t\t\t\t\t\t<div class=\"elementor-element elementor-element-05110ee elementor-widget elementor-widget-spps_button_list\" data-id=\"05110ee\" data-element_type=\"widget\" data-widget_type=\"spps_button_list.default\">\n\t\t\t\t<div class=\"elementor-widget-container\">\n\t\t\t\t\t<div class=\"button-list-wrapper wrapper-spacing-default  \"><div class=\"button-list-title\"><h2>In lingua facile: NO all'iniziativa sul denaro contante, S\u00ec al contro-progetto<\/h2><\/div><div class=\"button-list-container\"><div class=\"button-list-text\"><p>Nel testo ci sono parole difficili. <br \/>Le parole difficili sono <u>sottolineate<\/u>. <br \/>Alla fine del testo c'\u00e8 una spiegazione delle parole difficili.<\/p>\n<h3><strong>Di cosa si tratta? <\/strong><\/h3>\n<p>Votiamo: Iniziativa denaro contante oppure Contro-progetto?<\/p>\n<p><strong>Iniziativa denaro contante:<\/strong><\/p>\n<p>Molti cittadini e molte cittadine chiedono:<\/p>\n<ul>\n<li>In Svizzera ci devono sempre essere abbastanza soldi in contanti.<\/li>\n<li>Nella <u>Costituzione<\/u> deve essere scritto che ci sono sempre dei soldi contanti.<\/li>\n<li>Il popolo deve votare per cambiare la Costituzione.<\/li>\n<\/ul>\n<p>Il <u>Consiglio Federale<\/u> fa una contro-proposta:<\/p>\n<p>Vuole cambiare l\u2019iniziativa.<\/p>\n<p>Perch\u00e9?<\/p>\n<ul>\n<li>L\u2019iniziativa denaro contante non serve.<br \/>Queste richieste sono gi\u00e0 realt\u00e0:\n<ul>\n<li>Nella <u>legge<\/u> \u00e8 scritto: <br \/>In Svizzera c\u2019\u00e8 ci sono i soldi in contanti.<\/li>\n<li>Nella legge \u00e8 scritto: <br \/>Per avere dei soldi nuovi bisogna cambiare la costituzione.<\/li>\n<\/ul>\n<\/li>\n<li>L\u2019iniziativa denaro contante non \u00e8 descritta bene.<\/li>\n<\/ul>\n<p>.<strong><br \/><\/strong><\/p>\n<h3><strong>Che cosa vuole il PS: <\/strong><\/h3>\n<ul>\n<li>Sostenere la contro-proposta del Consiglio Federale.<\/li>\n<li>Il denaro in contanti resta importante. <br \/>In Svizzera ci sono sempre abbastanza soldi contanti.<\/li>\n<\/ul>\n<p><strong>&nbsp;<\/strong><\/p>\n<h3><strong>Cosa puoi fare? <\/strong><\/h3>\n<p>Partecipa alla votazione.<\/p>\n<p><strong>Ci sono 3 domande: <\/strong><\/p>\n<p><strong>Sulla scheda di voto \u00e8 scritto:&nbsp; <br \/><\/strong>Volete accettare l\u2019iniziativa popolare \u00abS\u00ec a una valuta svizzera indipendente e libera con monete o banconote (Il denaro contante \u00e8 libert\u00e0)\u00bb?<\/p>\n<p>Scrivi: <strong>NO<\/strong>.<\/p>\n<p>Volete accettare il decreto federale del 17 settembre 2025 concernente l\u2019unit\u00e0 monetaria svizzera e l\u2019approvvigionamento in numerario?<\/p>\n<p>Scrivi: <strong>S\u00cc<\/strong>.<\/p>\n<p>Nel caso in cui Popolo e Cantoni accettino sia l\u2019iniziativa popolare sia il controprogetto: deve entrare in vigore l\u2019iniziativa popolare oppure il controprogetto?<\/p>\n<p>Scrivi: <strong>Controprogetto<\/strong>.<\/p>\n<p><\/p>\n<h3><strong>Spiegazioni<\/strong><\/h3>\n<p><strong>iniziativa&nbsp;&nbsp;&nbsp;&nbsp;&nbsp;&nbsp;&nbsp;&nbsp;&nbsp;&nbsp;&nbsp;&nbsp;&nbsp;&nbsp;&nbsp;&nbsp;&nbsp;&nbsp;&nbsp;&nbsp;&nbsp;<\/strong> <br \/>Un'iniziativa \u00e8 una proposta del popolo <br \/>per una nuova legge.<\/p>\n<p><strong>denaro contante&nbsp;&nbsp;&nbsp;&nbsp;<\/strong>&nbsp;&nbsp;&nbsp;&nbsp;&nbsp; <br \/>Monete e banconote&nbsp;&nbsp;<\/p>\n<p><strong>contro-progetto&nbsp;&nbsp;&nbsp;&nbsp;&nbsp;&nbsp;<\/strong> <br \/>A una persona non piace una proposta. <br \/>Fa una nuova proposta. <br \/>Si chiama contro-proposta. <br \/>Possiamo anche dire contro-progetto.<\/p>\n<p><strong>Constituzione<\/strong><br \/>Nella costituzione sono scritte le regole pi\u00f9 importanti di un Paese.<\/p>\n<p><strong>Consiglio Federale&nbsp;&nbsp;<\/strong> <br \/>Il governo della Svizzera<\/p>\n<p><strong>legge&nbsp;&nbsp;&nbsp;&nbsp;&nbsp;&nbsp;&nbsp;&nbsp;&nbsp;&nbsp;&nbsp;&nbsp;&nbsp;&nbsp;&nbsp;&nbsp;&nbsp;&nbsp;&nbsp;&nbsp;&nbsp;&nbsp;&nbsp;&nbsp;<\/strong> <br \/>Una regola della costituzione. <br \/>Tutti devono rispettare questa regola.<\/p>\n<\/div><\/div><\/div>\t\t\t\t<\/div>\n\t\t\t\t<\/div>\n\t\t\t\t\t<\/div>\n\t\t<\/div>\n\t\t\t\t\t<\/div>\n\t\t<\/section>\n\t\t\t\t<\/div>\n\t\t","protected":false},"excerpt":{"rendered":"<p>In lingua facile: NO all&#8217;iniziativa sul denaro contante, S\u00ec al contro-progetto Nel testo ci sono parole difficili. Le parole difficili sono sottolineate. Alla fine del testo c&#8217;\u00e8 una spiegazione delle [&hellip;]<\/p>\n","protected":false},"author":64,"featured_media":0,"parent":0,"menu_order":0,"comment_status":"closed","ping_status":"closed","template":"","meta":{"footnotes":""},"class_list":["post-178055","page","type-page","status-publish","hentry"],"_links":{"self":[{"href":"https:\/\/www.sp-ps.ch\/it\/wp-json\/wp\/v2\/pages\/178055","targetHints":{"allow":["GET"]}}],"collection":[{"href":"https:\/\/www.sp-ps.ch\/it\/wp-json\/wp\/v2\/pages"}],"about":[{"href":"https:\/\/www.sp-ps.ch\/it\/wp-json\/wp\/v2\/types\/page"}],"author":[{"embeddable":true,"href":"https:\/\/www.sp-ps.ch\/it\/wp-json\/wp\/v2\/users\/64"}],"replies":[{"embeddable":true,"href":"https:\/\/www.sp-ps.ch\/it\/wp-json\/wp\/v2\/comments?post=178055"}],"version-history":[{"count":3,"href":"https:\/\/www.sp-ps.ch\/it\/wp-json\/wp\/v2\/pages\/178055\/revisions"}],"predecessor-version":[{"id":178058,"href":"https:\/\/www.sp-ps.ch\/it\/wp-json\/wp\/v2\/pages\/178055\/revisions\/178058"}],"wp:attachment":[{"href":"https:\/\/www.sp-ps.ch\/it\/wp-json\/wp\/v2\/media?parent=178055"}],"curies":[{"name":"wp","href":"https:\/\/api.w.org\/{rel}","templated":true}]}}