{"id":182004,"date":"2026-04-16T14:51:55","date_gmt":"2026-04-16T12:51:55","guid":{"rendered":"https:\/\/www.sp-ps.ch\/?page_id=182004"},"modified":"2026-04-21T12:12:14","modified_gmt":"2026-04-21T10:12:14","slug":"caos-udc-no","status":"publish","type":"page","link":"https:\/\/www.sp-ps.ch\/it\/caos-udc-no\/","title":{"rendered":"NO all\u2019iniziativa de caos dell&#8217;UDC"},"content":{"rendered":"\t\t<div data-elementor-type=\"wp-page\" data-elementor-id=\"182004\" class=\"elementor elementor-182004 elementor-182002\" data-elementor-post-type=\"page\">\n\t\t\t\t\t\t<section class=\"elementor-section elementor-top-section elementor-element elementor-element-7bc0a83 elementor-section-boxed elementor-section-height-default elementor-section-height-default\" data-id=\"7bc0a83\" data-element_type=\"section\" data-settings=\"{&quot;jet_parallax_layout_list&quot;:[],&quot;background_background&quot;:&quot;classic&quot;}\">\n\t\t\t\t\t\t\t<div class=\"elementor-background-overlay\"><\/div>\n\t\t\t\t\t\t\t<div class=\"elementor-container elementor-column-gap-default\">\n\t\t\t\t\t<div class=\"elementor-column elementor-col-100 elementor-top-column elementor-element elementor-element-a2ba717\" data-id=\"a2ba717\" data-element_type=\"column\">\n\t\t\t<div class=\"elementor-widget-wrap\">\n\t\t\t\t\t\t\t<\/div>\n\t\t<\/div>\n\t\t\t\t\t<\/div>\n\t\t<\/section>\n\t\t\t\t<section class=\"elementor-section elementor-top-section elementor-element elementor-element-35f82ac elementor-section-boxed elementor-section-height-default elementor-section-height-default\" data-id=\"35f82ac\" data-element_type=\"section\" data-settings=\"{&quot;jet_parallax_layout_list&quot;:[],&quot;background_background&quot;:&quot;classic&quot;}\">\n\t\t\t\t\t\t\t<div class=\"elementor-background-overlay\"><\/div>\n\t\t\t\t\t\t\t<div class=\"elementor-container elementor-column-gap-default\">\n\t\t\t\t\t<div class=\"elementor-column elementor-col-100 elementor-top-column elementor-element elementor-element-274bc43\" data-id=\"274bc43\" data-element_type=\"column\">\n\t\t\t<div class=\"elementor-widget-wrap elementor-element-populated\">\n\t\t\t\t\t\t<div class=\"elementor-element elementor-element-292f791 elementor-widget elementor-widget-spps_button_list\" data-id=\"292f791\" data-element_type=\"widget\" data-widget_type=\"spps_button_list.default\">\n\t\t\t\t<div class=\"elementor-widget-container\">\n\t\t\t\t\t<div class=\"button-list-wrapper   \"><div class=\"button-list-title\"><h2>NO all\u2019iniziativa del caos dell'UDC<\/h2><\/div><div class=\"button-list-container\"><div class=\"button-list-text\"><p><strong>In breve<\/strong><\/p>\n<p>Trump getta il mondo nel caos. Proprio ora, l\u2019UDC vuole disdire gli accordi bilaterali con l\u2019UE \u2014 e addirittura gi\u00e0 se la Svizzera dovesse crescere solo del 4%. In questi tempi incerti, per\u00f2, la Svizzera ha pi\u00f9 che mai bisogno di relazioni stabili con l\u2019Europa. <br \/>Allo stesso tempo, l\u2019iniziativa \u00e8 un attacco al potere d\u2019acquisto della popolazione: le PMI esportatrici falliscono, i posti di lavoro vengono distrutti e, senza gli accordi bilaterali, viene meno anche la protezione dei salari \u2014 con conseguente diminuzione di salari e rendite.<br \/>Gli 1,5 milioni di cittadini e cittadine dell\u2019UE che vivono qui verrebbero trattati come persone di seconda classe. Dovrebbero costantemente temere che i loro figli o partner vengano espulsi.<br \/>Abbiamo invece bisogno di rispetto per i nostri colleghi, amici e vicini. Solo insieme possiamo mandare avanti il Paese \u2014 nella cura, nell\u2019edilizia, nella ristorazione.<\/p>\n<p>\u00a0<\/p>\n<h3>Sei motivi per cui l\u2019iniziativa getta la Svizzera nel caos:<\/h3>\n<ol>\n<li><strong>L\u2019iniziativa impone la disdetta degli accordi bilaterali<\/strong> \u2014 gi\u00e0 se la Svizzera cresce appena del 4%. Questo avverrebbe gi\u00e0 nei prossimi anni. Ma in un\u2019epoca segnata da guerre e incertezze, relazioni stabili con l\u2019Europa sono pi\u00f9 importanti che mai.<\/li>\n<li><strong>L\u2019iniziativa \u00e8 un attacco al potere d\u2019acquisto:<\/strong> le PMI esportatrici falliscono per-ch\u00e9 senza gli accordi bilaterali perdono l\u2019accesso al loro principale mercato. I po-sti di lavoro vengono distrutti. Si verificano licenziamenti e caos. Senza protezio-ne dei salari, diminuiscono anche salari e rendite.<\/li>\n<li><strong>L\u2019iniziativa separa le famiglie:<\/strong> oltre 1,5 milioni di cittadini UE vivono e lavora-no in Svizzera. L\u2019iniziativa crea per loro un\u2019enorme incertezza. Devono sempre temere che i loro figli o partner vengano espulsi. Il motivo: l\u2019iniziativa chiede di limitare il ricongiungimento familiare per i cittadini e le cittadine UE.<\/li>\n<li><strong>L\u2019iniziativa porta al caos nella sanit\u00e0:<\/strong> gi\u00e0 oggi mancano migliaia di infermieri e medici. Senza personale qualificato dall\u2019estero, il nostro sistema sanitario crolla. Gli ospedali regionali devono chiudere. Le persone anziane nelle case di cura non possono pi\u00f9 essere assistite adeguatamente. Dove il servizio pu\u00f2 ancora essere garantito, la pressione sul personale aumenta drasticamente.<\/li>\n<li><strong>L\u2019iniziativa favorisce lo sfruttamento del lavoro:<\/strong> senza ricongiungimento fa-miliare, un\u2019infermiera dall\u2019Italia non potrebbe pi\u00f9 portare sua figlia in Svizzera. Allo stesso tempo, verrebbe meno la protezione dei salari. I lavoratori e le lavora-trici migranti verrebbero privati dei loro diritti e nuovamente sfruttati come sta-gionali.<\/li>\n<li><strong>L\u2019iniziativa abolisce completamente il diritto d\u2019asilo: <\/strong>vuole disdire importanti convenzioni sui diritti umani. Toglie ai rifugiati di guerra \u2013 in particolare a donne e bambini \u2013 l\u2019ultima speranza di poter un giorno vivere al sicuro con le proprie famiglie nel nostro Paese.<\/li>\n<\/ol>\n<p>\u00a0<\/p>\n<p><strong>Perch\u00e9 l\u2019iniziativa porterebbe gi\u00e0 tra pochi anni alla fine della via bilaterale \u2013 e non solo in un futuro lontano<\/strong><br \/>A partire da 9,5 milioni di abitanti \u2013 quindi gi\u00e0 tra 4 o 5 anni \u2013 l\u2019iniziativa obbliga il Consiglio federale e il Parlamento a limitare il ricongiungimento familiare per i cittadini e le cittadine dell\u2019UE. I figli o i partner dei cittadini UE che lavorano in Svizzera non potrebbero pi\u00f9 vivere qui. Questo viola la libera circolazione delle persone e quindi uno dei pilastri fondamentali degli attuali accordi bilaterali. L\u2019\u201ciniziativa del caos\u201d ci costringerebbe gi\u00e0 tra pochi anni a disdire unilateralmente tutti gli accordi bilaterali. Le nostre relazioni con l\u2019Europa ne risulterebbero distrutte.<\/p><\/div><\/div><\/div>\t\t\t\t<\/div>\n\t\t\t\t<\/div>\n\t\t\t\t<div class=\"elementor-element elementor-element-a2a621c elementor-widget elementor-widget-spacer\" data-id=\"a2a621c\" data-element_type=\"widget\" data-widget_type=\"spacer.default\">\n\t\t\t\t<div class=\"elementor-widget-container\">\n\t\t\t\t\t\t\t<div class=\"elementor-spacer\">\n\t\t\t<div class=\"elementor-spacer-inner\"><\/div>\n\t\t<\/div>\n\t\t\t\t\t\t<\/div>\n\t\t\t\t<\/div>\n\t\t\t\t\t<\/div>\n\t\t<\/div>\n\t\t\t\t\t<\/div>\n\t\t<\/section>\n\t\t\t\t<\/div>\n\t\t","protected":false},"excerpt":{"rendered":"<p>NO all\u2019iniziativa del caos dell&#8217;UDC In breve Trump getta il mondo nel caos. Proprio ora, l\u2019UDC vuole disdire gli accordi bilaterali con l\u2019UE \u2014 e addirittura gi\u00e0 se la Svizzera [&hellip;]<\/p>\n","protected":false},"author":105,"featured_media":182311,"parent":0,"menu_order":6,"comment_status":"closed","ping_status":"closed","template":"","meta":{"footnotes":""},"class_list":["post-182004","page","type-page","status-publish","has-post-thumbnail","hentry"],"_links":{"self":[{"href":"https:\/\/www.sp-ps.ch\/it\/wp-json\/wp\/v2\/pages\/182004","targetHints":{"allow":["GET"]}}],"collection":[{"href":"https:\/\/www.sp-ps.ch\/it\/wp-json\/wp\/v2\/pages"}],"about":[{"href":"https:\/\/www.sp-ps.ch\/it\/wp-json\/wp\/v2\/types\/page"}],"author":[{"embeddable":true,"href":"https:\/\/www.sp-ps.ch\/it\/wp-json\/wp\/v2\/users\/105"}],"replies":[{"embeddable":true,"href":"https:\/\/www.sp-ps.ch\/it\/wp-json\/wp\/v2\/comments?post=182004"}],"version-history":[{"count":11,"href":"https:\/\/www.sp-ps.ch\/it\/wp-json\/wp\/v2\/pages\/182004\/revisions"}],"predecessor-version":[{"id":182366,"href":"https:\/\/www.sp-ps.ch\/it\/wp-json\/wp\/v2\/pages\/182004\/revisions\/182366"}],"wp:featuredmedia":[{"embeddable":true,"href":"https:\/\/www.sp-ps.ch\/it\/wp-json\/wp\/v2\/media\/182311"}],"wp:attachment":[{"href":"https:\/\/www.sp-ps.ch\/it\/wp-json\/wp\/v2\/media?parent=182004"}],"curies":[{"name":"wp","href":"https:\/\/api.w.org\/{rel}","templated":true}]}}