{"id":183219,"date":"2026-05-05T14:56:10","date_gmt":"2026-05-05T12:56:10","guid":{"rendered":"https:\/\/www.sp-ps.ch\/in-lingua-facile-no-alliniziativa-10-milioni-di-abitanti\/"},"modified":"2026-05-05T15:20:10","modified_gmt":"2026-05-05T13:20:10","slug":"in-lingua-facile-no-alliniziativa-10-milioni-di-abitanti","status":"publish","type":"page","link":"https:\/\/www.sp-ps.ch\/it\/in-lingua-facile-no-alliniziativa-10-milioni-di-abitanti\/","title":{"rendered":"In lingua facile: NO all&#8217;iniziativa 10 milioni di abitanti"},"content":{"rendered":"\t\t<div data-elementor-type=\"wp-page\" data-elementor-id=\"183219\" class=\"elementor elementor-183219 elementor-183212\" data-elementor-post-type=\"page\">\n\t\t\t\t\t\t<section class=\"elementor-section elementor-top-section elementor-element elementor-element-01d19b9 elementor-section-boxed elementor-section-height-default elementor-section-height-default\" data-id=\"01d19b9\" data-element_type=\"section\" data-settings=\"{&quot;jet_parallax_layout_list&quot;:[]}\">\n\t\t\t\t\t\t<div class=\"elementor-container elementor-column-gap-default\">\n\t\t\t\t\t<div class=\"elementor-column elementor-col-100 elementor-top-column elementor-element elementor-element-6c1000a\" data-id=\"6c1000a\" data-element_type=\"column\">\n\t\t\t<div class=\"elementor-widget-wrap elementor-element-populated\">\n\t\t\t\t\t\t<div class=\"elementor-element elementor-element-e3bd51f elementor-widget elementor-widget-spps_title_text\" data-id=\"e3bd51f\" data-element_type=\"widget\" data-widget_type=\"spps_title_text.default\">\n\t\t\t\t<div class=\"elementor-widget-container\">\n\t\t\t\t\t<div class=\"title-text-wrapper \"><div class=\"title-text-title\"><h2>In lingua facile: NO all'iniziativa 10 milioni di abitanti<\/h2><\/div><div class=\"title-text-container\"><div class=\"title-text-text\"><p>Nel testo ci sono parole difficili.<br \/>Le parole difficili sono <u>sottolineate<\/u>. <br \/>Alla fine del testo c'\u00e8 una spiegazione delle parole difficili.<\/p><h3><strong>Di cosa si tratta?<\/strong><\/h3><p>Nel mondo c\u2019\u00e8 sempre pi\u00f9 <u>caos<\/u>. <br \/>In molti luoghi del mondo c\u2019\u00e8 la guerra. <br \/>In questo momento \u00e8 molto importante lavorare insieme con l\u2019Europa.<\/p><p>La Svizzera ha degli<u> accordi <\/u>con l\u2018Europa. <br \/>Negli accordi \u00e8 scritto: <br \/>Le persone europee possono lavorare e abitare in Svizzera.<\/p><p>Il partito <u>UDC<\/u> vuole meno di 10 milioni di abitanti in Svizzera.<\/p><p>Per questo motivo il partito UDC vuole annullare gli accordi.<\/p><h3><strong>Il PS non \u00e8 d\u2018accordo.<\/strong><\/h3><p>Il PS dice che:<\/p><ul><li>L\u2019iniziativa crea ancora pi\u00f9 caos.<\/li><li>La collaborazione con l\u2019Europa finisce.<\/li><\/ul><p>\u00a0<\/p><ol><li><strong>Accordi con l\u2019Europa<br \/><\/strong>Non ci sono pi\u00f9 accordi con l\u2019Europa. <br \/>Non si lavora pi\u00f9 con l\u2019Europa. <strong><br \/><\/strong>-&gt; In questo momento ci sono le guerre nel mondo. <br \/>Per questo \u00e8 molto importante avere dei buoni rapporti con l\u2019Europa. <br \/><br \/><\/li><li><strong>Economia<\/strong> <br \/>Le aziende svizzere possono vendere meno prodotti in Europa. <br \/>-&gt; Questo vuole dire che c\u2019\u00e8 meno lavoro e ci sono meno soldi. <br \/><br \/><\/li><\/ol><p>Non c\u2019\u00e8 pi\u00f9 la <u>protezione dei salari.<\/u> <br \/>-&gt; Questo vuole dire che molte persone hanno un <u>salario<\/u> pi\u00f9 basso.<\/p><ol start=\"3\"><li><strong>Famiglie<\/strong> <br \/>Ci sono pi\u00f9 di 1,5 milioni di persone europee <br \/>che vivono e lavorano in Svizzera.<\/li><\/ol><p>Tra 4 o 5 anni ci saranno quasi 10 milioni di persone in Svizzera. <br \/>Allora l\u2019UDC vuole vietare il <u>ricongiungimento familiare. <br \/><\/u><br \/>Vuole dire che <br \/>-&gt; bambini, mogli e mariti stranieri devono lasciare la Svizzera. <br \/><br \/><\/p><ol start=\"4\"><li><strong>Ospedali e case anziani<\/strong><br \/>La Svizzera ha bisogno di pi\u00f9 personale di cura. <br \/>Mancano medici e infermieri. <br \/>-&gt; Serve del personale dall\u2019estero. <br \/>-&gt; Se c\u2019\u00e8 meno personale, allora aumenta la pressione per tutti.<br \/><br \/><\/li><li><strong>Lavoratori dall\u2019estero <br \/><\/strong>I lavoratori e le lavoratrici europei non possono pi\u00f9 <br \/>fare venire i loro familiari in Svizzera (ricongiungimento familiare). <br \/>Non c\u2019\u00e8 pi\u00f9 la protezione dei salari. <br \/>-&gt; I lavoratori e le lavoratrici dall\u2019estero hanno meno diritti.<\/li><li><strong><u>Diritto di asilo<br \/><\/u><\/strong>Non c\u2019\u00e8 pi\u00f9 diritto di asilo. <br \/>Le persone che vivono in zone di guerra <br \/>non possono pi\u00f9 venire in Svizzera. <br \/>Le loro famiglie non possono vivere in sicurezza in Svizzera.<\/li><\/ol><p><strong>Che cosa vuole il PS:<\/strong><\/p><ul><li>Rispetto per i lavoratori e le lavoratrici dall\u2019estero<\/li><li>Protezione dei salari<\/li><li>Gli stessi diritti per tutte le persone<\/li><\/ul><p>\u00a0<\/p><p>-&gt; Abbiamo bisogno di essere uniti nel lavoro:<\/p><ul><li>nei luoghi di cura<\/li><li>nei cantieri<\/li><li>nei ristoranti<\/li><\/ul><p><strong>Cosa puoi fare? <\/strong><\/p><p>Partecipa alla votazione.<\/p><p>\u00a0<\/p><p><strong>Sulla scheda di voto \u00e8 scritto:\u00a0 <\/strong><\/p><p><strong><br \/><\/strong>Volete accettare l\u2019iniziativa popolare \u00abNo a una Svizzera da 10 milioni! (Iniziativa per la sostenibilit\u00e0)\u00bb?<\/p><p>Scrivi: <strong>NO<\/strong>.<\/p><p>\u00a0<\/p><h3><strong>Spiegazioni<\/strong><\/h3><p><strong>Iniziativa \u00a0\u00a0\u00a0\u00a0\u00a0\u00a0\u00a0\u00a0\u00a0\u00a0\u00a0\u00a0\u00a0\u00a0\u00a0\u00a0\u00a0\u00a0\u00a0\u00a0\u00a0\u00a0\u00a0\u00a0\u00a0\u00a0\u00a0\u00a0\u00a0\u00a0\u00a0\u00a0\u00a0\u00a0\u00a0\u00a0\u00a0<\/strong> \u00e8 una proposta del popolo per una nuova legge.<\/p><p><strong>Iniziativa 10 milioni<\/strong>\u00a0 \u00a0 \u00a0 \u00a0 \u00a0 \u00a0 \u00a0 \u00a0 \u00a0 La proposta vuole: In Svizzera non devono vivere pi\u00f9 di 10 milioni di persone.<\/p><p><strong>Caos\u00a0 \u00a0 \u00a0 \u00a0 \u00a0 \u00a0 \u00a0 \u00a0 \u00a0 \u00a0 \u00a0 \u00a0 \u00a0 \u00a0 \u00a0 \u00a0 \u00a0 \u00a0 \u00a0 \u00a0 \u00a0 \u00a0 \u00a0 <\/strong>vuole dire confusione, agitazione, distruzione.<\/p><p><strong>Accordo\u00a0\u00a0\u00a0\u00a0\u00a0\u00a0\u00a0\u00a0\u00a0\u00a0\u00a0\u00a0\u00a0\u00a0\u00a0\u00a0\u00a0\u00a0\u00a0\u00a0\u00a0\u00a0\u00a0\u00a0\u00a0\u00a0\u00a0\u00a0\u00a0\u00a0\u00a0\u00a0\u00a0\u00a0\u00a0\u00a0\u00a0\u00a0\u00a0<\/strong> \u00e8 un patto tra 2 o pi\u00f9 persone oppure tra 2 o pi\u00f9 paesi.<\/p><p><strong>UDC\u00a0 \u00a0 \u00a0 \u00a0 \u00a0 \u00a0 \u00a0 \u00a0 \u00a0 \u00a0 \u00a0 \u00a0 \u00a0 \u00a0 \u00a0 \u00a0 \u00a0 \u00a0 \u00a0 \u00a0 \u00a0<\/strong>\u00a0 \u00a0 \u00a0 \u00a0\u00e8 una sigla che vuole dire Unione Democratica di Centro. L'UDC \u00e8 un partito politico.<\/p><p><strong>Protezione dei salari<\/strong>\u00a0 \u00a0 \u00a0 \u00a0 \u00a0 \u00a0 \u00a0 \u00a0La Svizzera controlla i salari\u00a0 \u00a0 \u00a0e le regole del lavoro.<\/p><p><strong> Salario\u00a0 \u00a0 \u00a0 \u00a0 \u00a0 \u00a0 \u00a0 \u00a0 \u00a0 \u00a0 \u00a0 \u00a0 \u00a0 \u00a0 \u00a0 \u00a0 \u00a0 \u00a0 \u00a0 \u00a0 \u00a0 \u00a0<\/strong>sono i soldi che i lavoratori ricevono ogni mese.<\/p><p><strong>Ricongiungimento familiare<\/strong> \u00a0\u00a0\u00a0\u00a0\u00a0\u00a0\u00a0\u00a0 Ci sono persone dall\u2019estero che vivono e lavorano in Svizzera. Anche le loro famiglie possono vivere in Svizzera. \u00a0\u00a0\u00a0<\/p><p><strong>Diritto di asilo \u00a0<\/strong>\u00a0 \u00a0 \u00a0 \u00a0 \u00a0 \u00a0 \u00a0 \u00a0 \u00a0 \u00a0 \u00a0 \u00a0 Le persone che sono in pericolo possono chiedere rifugio \u00a0\u00a0\u00a0\u00a0\u00a0\u00a0\u00a0\u00a0\u00a0\u00a0\u00a0\u00a0\u00a0\u00a0\u00a0\u00a0\u00a0\u00a0\u00a0\u00a0\u00a0\u00a0\u00a0\u00a0\u00a0\u00a0\u00a0\u00a0\u00a0\u00a0\u00a0\u00a0\u00a0\u00a0\u00a0\u00a0\u00a0\u00a0\u00a0\u00a0\u00a0 in altri paesi. <\/p><\/div><\/div><\/div>\t\t\t\t<\/div>\n\t\t\t\t<\/div>\n\t\t\t\t\t<\/div>\n\t\t<\/div>\n\t\t\t\t\t<\/div>\n\t\t<\/section>\n\t\t\t\t<\/div>\n\t\t","protected":false},"excerpt":{"rendered":"<p>In lingua facile: NO all&#8217;iniziativa 10 milioni di abitanti Nel testo ci sono parole difficili.Le parole difficili sono sottolineate. Alla fine del testo c&#8217;\u00e8 una spiegazione delle parole difficili. Di [&hellip;]<\/p>\n","protected":false},"author":64,"featured_media":0,"parent":0,"menu_order":0,"comment_status":"closed","ping_status":"closed","template":"","meta":{"footnotes":""},"class_list":["post-183219","page","type-page","status-publish","hentry"],"_links":{"self":[{"href":"https:\/\/www.sp-ps.ch\/it\/wp-json\/wp\/v2\/pages\/183219","targetHints":{"allow":["GET"]}}],"collection":[{"href":"https:\/\/www.sp-ps.ch\/it\/wp-json\/wp\/v2\/pages"}],"about":[{"href":"https:\/\/www.sp-ps.ch\/it\/wp-json\/wp\/v2\/types\/page"}],"author":[{"embeddable":true,"href":"https:\/\/www.sp-ps.ch\/it\/wp-json\/wp\/v2\/users\/64"}],"replies":[{"embeddable":true,"href":"https:\/\/www.sp-ps.ch\/it\/wp-json\/wp\/v2\/comments?post=183219"}],"version-history":[{"count":3,"href":"https:\/\/www.sp-ps.ch\/it\/wp-json\/wp\/v2\/pages\/183219\/revisions"}],"predecessor-version":[{"id":183226,"href":"https:\/\/www.sp-ps.ch\/it\/wp-json\/wp\/v2\/pages\/183219\/revisions\/183226"}],"wp:attachment":[{"href":"https:\/\/www.sp-ps.ch\/it\/wp-json\/wp\/v2\/media?parent=183219"}],"curies":[{"name":"wp","href":"https:\/\/api.w.org\/{rel}","templated":true}]}}