{"id":30531,"date":"2022-07-04T10:19:04","date_gmt":"2022-07-04T08:19:04","guid":{"rendered":"https:\/\/test.sp-ps.ch\/partito\/partiti-cantonali\/"},"modified":"2025-03-27T15:02:55","modified_gmt":"2025-03-27T14:02:55","slug":"partiti-cantonali","status":"publish","type":"page","link":"https:\/\/www.sp-ps.ch\/it\/partito\/partiti-cantonali\/","title":{"rendered":"Partiti cantonali"},"content":{"rendered":"\t\t<div data-elementor-type=\"wp-page\" data-elementor-id=\"30531\" class=\"elementor elementor-30531 elementor-349\" data-elementor-post-type=\"page\">\n\t\t\t\t\t\t<section class=\"elementor-section elementor-top-section elementor-element elementor-element-e318cc7 elementor-section-boxed elementor-section-height-default elementor-section-height-default\" data-id=\"e318cc7\" data-element_type=\"section\" data-settings=\"{&quot;jet_parallax_layout_list&quot;:[],&quot;background_background&quot;:&quot;classic&quot;}\">\n\t\t\t\t\t\t<div class=\"elementor-container elementor-column-gap-wide\">\n\t\t\t\t\t<div class=\"elementor-column elementor-col-100 elementor-top-column elementor-element elementor-element-92a25b1\" data-id=\"92a25b1\" data-element_type=\"column\">\n\t\t\t<div class=\"elementor-widget-wrap elementor-element-populated\">\n\t\t\t\t\t\t<div class=\"elementor-element elementor-element-66a0162 elementor-widget elementor-widget-heading\" data-id=\"66a0162\" data-element_type=\"widget\" data-widget_type=\"heading.default\">\n\t\t\t\t<div class=\"elementor-widget-container\">\n\t\t\t\t\t<h1 class=\"elementor-heading-title elementor-size-default\">Partiti cantonali<\/h1>\t\t\t\t<\/div>\n\t\t\t\t<\/div>\n\t\t\t\t<div class=\"elementor-element elementor-element-58acdf5 elementor-widget elementor-widget-jet-breadcrumbs\" data-id=\"58acdf5\" data-element_type=\"widget\" data-widget_type=\"jet-breadcrumbs.default\">\n\t\t\t\t<div class=\"elementor-widget-container\">\n\t\t\t\t\t<div class=\"elementor-jet-breadcrumbs jet-blocks\">\n\t\t<div class=\"jet-breadcrumbs\">\n\t\t<div class=\"jet-breadcrumbs__content\">\n\t\t<div class=\"jet-breadcrumbs__wrap\">\n\t\t<\/div>\n\t\t<\/div>\n\t\t<\/div><\/div>\t\t\t\t<\/div>\n\t\t\t\t<\/div>\n\t\t\t\t\t<\/div>\n\t\t<\/div>\n\t\t\t\t\t<\/div>\n\t\t<\/section>\n\t\t\t\t<section class=\"elementor-section elementor-top-section elementor-element elementor-element-17b9f3a elementor-section-boxed elementor-section-height-default elementor-section-height-default\" data-id=\"17b9f3a\" data-element_type=\"section\" data-settings=\"{&quot;jet_parallax_layout_list&quot;:[]}\">\n\t\t\t\t\t\t<div class=\"elementor-container elementor-column-gap-default\">\n\t\t\t\t\t<div class=\"elementor-column elementor-col-100 elementor-top-column elementor-element elementor-element-c753669\" data-id=\"c753669\" data-element_type=\"column\">\n\t\t\t<div class=\"elementor-widget-wrap\">\n\t\t\t\t\t\t\t<\/div>\n\t\t<\/div>\n\t\t\t\t\t<\/div>\n\t\t<\/section>\n\t\t\t\t<section class=\"elementor-section elementor-top-section elementor-element elementor-element-9746b1b elementor-section-boxed elementor-section-height-default elementor-section-height-default\" data-id=\"9746b1b\" data-element_type=\"section\" data-settings=\"{&quot;jet_parallax_layout_list&quot;:[]}\">\n\t\t\t\t\t\t<div class=\"elementor-container elementor-column-gap-default\">\n\t\t\t\t\t<div class=\"elementor-column elementor-col-100 elementor-top-column elementor-element elementor-element-50dbd56\" data-id=\"50dbd56\" data-element_type=\"column\">\n\t\t\t<div class=\"elementor-widget-wrap elementor-element-populated\">\n\t\t\t\t\t\t<div class=\"elementor-element elementor-element-18625a0 elementor-widget elementor-widget-spps_title_text\" data-id=\"18625a0\" data-element_type=\"widget\" data-widget_type=\"spps_title_text.default\">\n\t\t\t\t<div class=\"elementor-widget-container\">\n\t\t\t\t\t<div class=\"title-text-wrapper \"><div class=\"title-text-container\"><div class=\"title-text-text\"><p>Il PS \u00e8 un partito cresciuto \"dal basso\" e ha una struttura federalista: i nostri circa 35'000 membri sono organizzati in circa 900 sezioni locali e 27 partiti cantonali - in Vallese ce ne sono due. Solo nel 2012 \u00e8 stato fondato in Appenzello il PS Appenzello Interno, colorando cos\u00ec di rosso l'ultima macchia bianca della mappa politica. Da allora, il PS \u00e8 rappresentato in tutti i cantoni e semicantoni.<\/p><\/div><\/div><\/div>\t\t\t\t<\/div>\n\t\t\t\t<\/div>\n\t\t\t\t<div class=\"elementor-element elementor-element-3e3f1a8 elementor-widget elementor-widget-spps_title_text\" data-id=\"3e3f1a8\" data-element_type=\"widget\" data-widget_type=\"spps_title_text.default\">\n\t\t\t\t<div class=\"elementor-widget-container\">\n\t\t\t\t\t<div class=\"title-text-wrapper \"><div class=\"title-text-container\"><\/div><\/div>\t\t\t\t<\/div>\n\t\t\t\t<\/div>\n\t\t\t\t<div class=\"elementor-element elementor-element-4c8fa71 elementor-widget elementor-widget-shortcode\" data-id=\"4c8fa71\" data-element_type=\"widget\" data-widget_type=\"shortcode.default\">\n\t\t\t\t<div class=\"elementor-widget-container\">\n\t\t\t\t\t\t\t<div class=\"elementor-shortcode\">    <div class=\"section-map-root\">      <div id=\"map\" data-json=\"https:\/\/www.sp-ps.ch\/wp-content\/plugins\/sp-wp-section-map\/switzerland.json\"  ><\/div>      <div class=\"wrapper empty\"><div id=\"info\"><\/div><img decoding=\"async\" id=\"wappen\" src=\"\" \/><\/div>      <img decoding=\"async\" id=\"reset\" src=\"https:\/\/www.sp-ps.ch\/wp-content\/plugins\/sp-wp-section-map\/ch-wappen\/switzerland.svg\" \/>    <\/div><\/div>\n\t\t\t\t\t\t<\/div>\n\t\t\t\t<\/div>\n\t\t\t\t\t<\/div>\n\t\t<\/div>\n\t\t\t\t\t<\/div>\n\t\t<\/section>\n\t\t\t\t<\/div>\n\t\t","protected":false},"excerpt":{"rendered":"<p>Partiti cantonali Il PS \u00e8 un partito cresciuto &#8220;dal basso&#8221; e ha una struttura federalista: i nostri circa 35&#8217;000 membri sono organizzati in circa 900 sezioni locali e 27 partiti [&hellip;]<\/p>\n","protected":false},"author":1,"featured_media":0,"parent":30426,"menu_order":15,"comment_status":"closed","ping_status":"closed","template":"","meta":{"footnotes":""},"class_list":["post-30531","page","type-page","status-publish","hentry"],"_links":{"self":[{"href":"https:\/\/www.sp-ps.ch\/it\/wp-json\/wp\/v2\/pages\/30531","targetHints":{"allow":["GET"]}}],"collection":[{"href":"https:\/\/www.sp-ps.ch\/it\/wp-json\/wp\/v2\/pages"}],"about":[{"href":"https:\/\/www.sp-ps.ch\/it\/wp-json\/wp\/v2\/types\/page"}],"author":[{"embeddable":true,"href":"https:\/\/www.sp-ps.ch\/it\/wp-json\/wp\/v2\/users\/1"}],"replies":[{"embeddable":true,"href":"https:\/\/www.sp-ps.ch\/it\/wp-json\/wp\/v2\/comments?post=30531"}],"version-history":[{"count":12,"href":"https:\/\/www.sp-ps.ch\/it\/wp-json\/wp\/v2\/pages\/30531\/revisions"}],"predecessor-version":[{"id":157272,"href":"https:\/\/www.sp-ps.ch\/it\/wp-json\/wp\/v2\/pages\/30531\/revisions\/157272"}],"up":[{"embeddable":true,"href":"https:\/\/www.sp-ps.ch\/it\/wp-json\/wp\/v2\/pages\/30426"}],"wp:attachment":[{"href":"https:\/\/www.sp-ps.ch\/it\/wp-json\/wp\/v2\/media?parent=30531"}],"curies":[{"name":"wp","href":"https:\/\/api.w.org\/{rel}","templated":true}]}}