{"id":30567,"date":"2022-07-04T10:56:37","date_gmt":"2022-07-04T08:56:37","guid":{"rendered":"https:\/\/test.sp-ps.ch\/i-nostri-valori\/"},"modified":"2023-06-13T10:52:03","modified_gmt":"2023-06-13T08:52:03","slug":"i-nostri-valori","status":"publish","type":"page","link":"https:\/\/www.sp-ps.ch\/it\/cio-che-rappresentiamo\/i-nostri-valori\/","title":{"rendered":"I nostri valori"},"content":{"rendered":"\t\t<div data-elementor-type=\"wp-page\" data-elementor-id=\"30567\" class=\"elementor elementor-30567 elementor-331\" data-elementor-post-type=\"page\">\n\t\t\t\t\t\t<section class=\"elementor-section elementor-top-section elementor-element elementor-element-64b3965 elementor-section-boxed elementor-section-height-default elementor-section-height-default\" data-id=\"64b3965\" data-element_type=\"section\" data-settings=\"{&quot;jet_parallax_layout_list&quot;:[],&quot;background_background&quot;:&quot;classic&quot;}\">\n\t\t\t\t\t\t<div class=\"elementor-container elementor-column-gap-wide\">\n\t\t\t\t\t<div class=\"elementor-column elementor-col-100 elementor-top-column elementor-element elementor-element-238dc27\" data-id=\"238dc27\" data-element_type=\"column\">\n\t\t\t<div class=\"elementor-widget-wrap elementor-element-populated\">\n\t\t\t\t\t\t<div class=\"elementor-element elementor-element-98b893b elementor-widget elementor-widget-heading\" data-id=\"98b893b\" data-element_type=\"widget\" data-widget_type=\"heading.default\">\n\t\t\t\t<div class=\"elementor-widget-container\">\n\t\t\t\t\t<h1 class=\"elementor-heading-title elementor-size-default\">I nostri valori<\/h1>\t\t\t\t<\/div>\n\t\t\t\t<\/div>\n\t\t\t\t<div class=\"elementor-element elementor-element-2ed580e elementor-widget elementor-widget-jet-breadcrumbs\" data-id=\"2ed580e\" data-element_type=\"widget\" data-widget_type=\"jet-breadcrumbs.default\">\n\t\t\t\t<div class=\"elementor-widget-container\">\n\t\t\t\t\t<div class=\"elementor-jet-breadcrumbs jet-blocks\">\n\t\t<div class=\"jet-breadcrumbs\">\n\t\t<div class=\"jet-breadcrumbs__content\">\n\t\t<div class=\"jet-breadcrumbs__wrap\">\n\t\t<\/div>\n\t\t<\/div>\n\t\t<\/div><\/div>\t\t\t\t<\/div>\n\t\t\t\t<\/div>\n\t\t\t\t<div class=\"elementor-element elementor-element-735bcc7 elementor-widget elementor-widget-text-editor\" data-id=\"735bcc7\" data-element_type=\"widget\" data-widget_type=\"text-editor.default\">\n\t\t\t\t<div class=\"elementor-widget-container\">\n\t\t\t\t\t\t\t\t\t<p>\u00abLa forza di un popolo si commisura al benessere dei pi\u00f9 deboli dei suoi membri\u00bb, recita la Costituzione federale. Noi ci adoperiamo per una societ\u00e0 nella quale ciascun individuo sia libero di esprimersi. Una societ\u00e0 dove tuttavia sia presente una rete sociale che impedisca che qualcuno finisca in una situazione di precariet\u00e0.<\/p>\t\t\t\t\t\t\t\t<\/div>\n\t\t\t\t<\/div>\n\t\t\t\t\t<\/div>\n\t\t<\/div>\n\t\t\t\t\t<\/div>\n\t\t<\/section>\n\t\t\t\t<section class=\"elementor-section elementor-top-section elementor-element elementor-element-d9f30bb elementor-section-boxed elementor-section-height-default elementor-section-height-default\" data-id=\"d9f30bb\" data-element_type=\"section\" data-settings=\"{&quot;jet_parallax_layout_list&quot;:[]}\">\n\t\t\t\t\t\t<div class=\"elementor-container elementor-column-gap-wide\">\n\t\t\t\t\t<div class=\"elementor-column elementor-col-100 elementor-top-column elementor-element elementor-element-a609a93\" data-id=\"a609a93\" data-element_type=\"column\">\n\t\t\t<div class=\"elementor-widget-wrap elementor-element-populated\">\n\t\t\t\t\t\t<div class=\"elementor-element elementor-element-1cc6ddb elementor-widget elementor-widget-spps_button_list\" data-id=\"1cc6ddb\" data-element_type=\"widget\" data-widget_type=\"spps_button_list.default\">\n\t\t\t\t<div class=\"elementor-widget-container\">\n\t\t\t\t\t<div class=\"button-list-wrapper wrapper-spacing-default  \"><div class=\"button-list-title\"><h2>I nostri valori<\/h2><\/div><div class=\"button-list-container\"><div class=\"button-list-text\"><p>\u00abLa forza di un popolo si commisura al benessere dei pi\u00f9 deboli dei suoi membri\u00bb, recita la Costituzione federale. Noi ci adoperiamo per una societ\u00e0 nella quale ciascun individuo sia libero di esprimersi. Una societ\u00e0 dove tuttavia sia presente una rete sociale che impedisca che qualcuno finisca in una situazione di precariet\u00e0.\u00a0Il PS aspira a un\u2019economia che sia al servizio delle persone e non il contrario. Chi lavora nella ricca Svizzera deve poter vivere del proprio stipendio. Siamo certi che per progredire bisogna essere solidali. La Svizzera ha una rete sociale solida e buone infrastrutture pubbliche. Il PS ha reso un importante contributo in tal senso. Senza il PS non ci sarebbe alcuna AVS, alcuna assicurazione maternit\u00e0 e alcun diritto di voto delle donne.<\/p><blockquote><p><strong>Da oltre 125 anni il PS fa politica per tutti e tutte, anzich\u00e9 solo per pochi privilegiati. Noi diciamo s\u00ec a una Svizzera che accoglie e no a una Svizzera che esclude.<\/strong><\/p><\/blockquote><p>Non vogliamo tuttavia sentirci appagati. Siamo certi che la Svizzera possa diventare pi\u00f9 equa, pi\u00f9 innovativa e pi\u00f9 progredita. Se puntiamo coerentemente sulle energie rinnovabili, proteggiamo l\u2019ambiente e creiamo posti di lavoro sostenibili e innovativi. Se puntiamo sulla formazione e sull\u2019integrazione, creiamo nuove prospettive e scongiuriamo la disoccupazione. Se investiamo nell\u2019edilizia cooperativa, contribuiamo a frenare la speculazione del suolo e provvediamo alla realizzazione di abitazioni a prezzi accessibili. Insomma, il PS fa politica per tutti e tutte, non per pochi.<\/p><\/div><\/div><\/div>\t\t\t\t<\/div>\n\t\t\t\t<\/div>\n\t\t\t\t<div class=\"elementor-element elementor-element-18d09c4 elementor-widget elementor-widget-spps_button_list\" data-id=\"18d09c4\" data-element_type=\"widget\" data-widget_type=\"spps_button_list.default\">\n\t\t\t\t<div class=\"elementor-widget-container\">\n\t\t\t\t\t<div class=\"button-list-wrapper wrapper-spacing-small  \"><div class=\"button-list-title\"><h3>Informazioni sul PS<\/h3><\/div><div class=\"button-list-container\"><div class=\"button-list-items\"><div class=\"button-list-item\"><div class=\"button-wrapper \"><a href=\"https:\/\/www.sp-ps.ch\/wp-content\/uploads\/2023\/06\/SP-Statuten_A5_IT_2022.pdf\"  target=\"_self\" class=\"button-link button-link-download\" >Statuto del PS svizzero<span class=\"button-media-date\">18.06.2023<\/span><\/a><\/div><\/div><\/div><\/div><\/div>\t\t\t\t<\/div>\n\t\t\t\t<\/div>\n\t\t\t\t\t<\/div>\n\t\t<\/div>\n\t\t\t\t\t<\/div>\n\t\t<\/section>\n\t\t\t\t<\/div>\n\t\t","protected":false},"excerpt":{"rendered":"<p>I nostri valori \u00abLa forza di un popolo si commisura al benessere dei pi\u00f9 deboli dei suoi membri\u00bb, recita la Costituzione federale. Noi ci adoperiamo per una societ\u00e0 nella quale [&hellip;]<\/p>\n","protected":false},"author":1,"featured_media":0,"parent":30712,"menu_order":0,"comment_status":"closed","ping_status":"closed","template":"","meta":{"footnotes":""},"class_list":["post-30567","page","type-page","status-publish","hentry"],"_links":{"self":[{"href":"https:\/\/www.sp-ps.ch\/it\/wp-json\/wp\/v2\/pages\/30567","targetHints":{"allow":["GET"]}}],"collection":[{"href":"https:\/\/www.sp-ps.ch\/it\/wp-json\/wp\/v2\/pages"}],"about":[{"href":"https:\/\/www.sp-ps.ch\/it\/wp-json\/wp\/v2\/types\/page"}],"author":[{"embeddable":true,"href":"https:\/\/www.sp-ps.ch\/it\/wp-json\/wp\/v2\/users\/1"}],"replies":[{"embeddable":true,"href":"https:\/\/www.sp-ps.ch\/it\/wp-json\/wp\/v2\/comments?post=30567"}],"version-history":[{"count":5,"href":"https:\/\/www.sp-ps.ch\/it\/wp-json\/wp\/v2\/pages\/30567\/revisions"}],"predecessor-version":[{"id":102333,"href":"https:\/\/www.sp-ps.ch\/it\/wp-json\/wp\/v2\/pages\/30567\/revisions\/102333"}],"up":[{"embeddable":true,"href":"https:\/\/www.sp-ps.ch\/it\/wp-json\/wp\/v2\/pages\/30712"}],"wp:attachment":[{"href":"https:\/\/www.sp-ps.ch\/it\/wp-json\/wp\/v2\/media?parent=30567"}],"curies":[{"name":"wp","href":"https:\/\/api.w.org\/{rel}","templated":true}]}}