{"id":30642,"date":"2022-07-04T11:46:57","date_gmt":"2022-07-04T09:46:57","guid":{"rendered":"https:\/\/test.sp-ps.ch\/partito\/ps-60\/"},"modified":"2025-06-05T16:39:35","modified_gmt":"2025-06-05T14:39:35","slug":"ps-60","status":"publish","type":"page","link":"https:\/\/www.sp-ps.ch\/it\/partito\/ps-60\/","title":{"rendered":"PS60+"},"content":{"rendered":"\t\t<div data-elementor-type=\"wp-page\" data-elementor-id=\"30642\" class=\"elementor elementor-30642 elementor-343\" data-elementor-post-type=\"page\">\n\t\t\t\t\t\t<section class=\"elementor-section elementor-top-section elementor-element elementor-element-6dd51bc elementor-section-boxed elementor-section-height-default elementor-section-height-default\" data-id=\"6dd51bc\" data-element_type=\"section\" data-settings=\"{&quot;jet_parallax_layout_list&quot;:[],&quot;background_background&quot;:&quot;classic&quot;}\">\n\t\t\t\t\t\t<div class=\"elementor-container elementor-column-gap-wide\">\n\t\t\t\t\t<div class=\"elementor-column elementor-col-100 elementor-top-column elementor-element elementor-element-cab9cbd\" data-id=\"cab9cbd\" data-element_type=\"column\">\n\t\t\t<div class=\"elementor-widget-wrap elementor-element-populated\">\n\t\t\t\t\t\t<div class=\"elementor-element elementor-element-14207b6 elementor-widget elementor-widget-heading\" data-id=\"14207b6\" data-element_type=\"widget\" data-widget_type=\"heading.default\">\n\t\t\t\t<div class=\"elementor-widget-container\">\n\t\t\t\t\t<h1 class=\"elementor-heading-title elementor-size-default\">PS60+<\/h1>\t\t\t\t<\/div>\n\t\t\t\t<\/div>\n\t\t\t\t<div class=\"elementor-element elementor-element-71603dd elementor-widget elementor-widget-jet-breadcrumbs\" data-id=\"71603dd\" data-element_type=\"widget\" data-widget_type=\"jet-breadcrumbs.default\">\n\t\t\t\t<div class=\"elementor-widget-container\">\n\t\t\t\t\t<div class=\"elementor-jet-breadcrumbs jet-blocks\">\n\t\t<div class=\"jet-breadcrumbs\">\n\t\t<div class=\"jet-breadcrumbs__content\">\n\t\t<div class=\"jet-breadcrumbs__wrap\">\n\t\t<\/div>\n\t\t<\/div>\n\t\t<\/div><\/div>\t\t\t\t<\/div>\n\t\t\t\t<\/div>\n\t\t\t\t<div class=\"elementor-element elementor-element-a5dafb1 elementor-widget__width-initial elementor-widget elementor-widget-text-editor\" data-id=\"a5dafb1\" data-element_type=\"widget\" data-widget_type=\"text-editor.default\">\n\t\t\t\t<div class=\"elementor-widget-container\">\n\t\t\t\t\t\t\t\t\t<p>Il PS60+ rappresenta il punto di vista della generazione pi\u00f9 anziana sullo sfondo delle sue esperienze e della sua situazione di vita. Non si limita a rappresentare gli interessi specifici dell&#8217;et\u00e0, ma mostra anche solidariet\u00e0 con le generazioni pi\u00f9 giovani.<\/p>\n\t\t\t\t\t\t\t\t<\/div>\n\t\t\t\t<\/div>\n\t\t\t\t\t<\/div>\n\t\t<\/div>\n\t\t\t\t\t<\/div>\n\t\t<\/section>\n\t\t\t\t<section class=\"elementor-section elementor-top-section elementor-element elementor-element-a66a2d2 elementor-section-full_width elementor-section-height-min-height elementor-section-height-default elementor-section-items-middle\" data-id=\"a66a2d2\" data-element_type=\"section\" data-settings=\"{&quot;jet_parallax_layout_list&quot;:[]}\">\n\t\t\t\t\t\t<div class=\"elementor-container elementor-column-gap-no\">\n\t\t\t\t\t<div class=\"elementor-column elementor-col-100 elementor-top-column elementor-element elementor-element-630adff\" data-id=\"630adff\" data-element_type=\"column\">\n\t\t\t<div class=\"elementor-widget-wrap elementor-element-populated\">\n\t\t\t\t\t\t<div class=\"elementor-element elementor-element-207eb59 elementor-widget elementor-widget-image\" data-id=\"207eb59\" data-element_type=\"widget\" data-widget_type=\"image.default\">\n\t\t\t\t<div class=\"elementor-widget-container\">\n\t\t\t\t\t\t\t\t\t\t\t\t\t\t\t<img fetchpriority=\"high\" decoding=\"async\" width=\"2560\" height=\"1707\" src=\"https:\/\/www.sp-ps.ch\/wp-content\/uploads\/2023\/10\/SP60plus-Startsite-Gruppe-Fahnen-1-scaled.jpg\" class=\"attachment-full size-full wp-image-114396\" alt=\"\" srcset=\"https:\/\/www.sp-ps.ch\/wp-content\/uploads\/2023\/10\/SP60plus-Startsite-Gruppe-Fahnen-1-scaled.jpg 2560w, https:\/\/www.sp-ps.ch\/wp-content\/uploads\/2023\/10\/SP60plus-Startsite-Gruppe-Fahnen-1-300x200.jpg 300w, https:\/\/www.sp-ps.ch\/wp-content\/uploads\/2023\/10\/SP60plus-Startsite-Gruppe-Fahnen-1-1024x683.jpg 1024w, https:\/\/www.sp-ps.ch\/wp-content\/uploads\/2023\/10\/SP60plus-Startsite-Gruppe-Fahnen-1-768x512.jpg 768w, https:\/\/www.sp-ps.ch\/wp-content\/uploads\/2023\/10\/SP60plus-Startsite-Gruppe-Fahnen-1-1536x1024.jpg 1536w, https:\/\/www.sp-ps.ch\/wp-content\/uploads\/2023\/10\/SP60plus-Startsite-Gruppe-Fahnen-1-2048x1365.jpg 2048w\" sizes=\"(max-width: 2560px) 100vw, 2560px\" \/>\t\t\t\t\t\t\t\t\t\t\t\t\t\t\t<\/div>\n\t\t\t\t<\/div>\n\t\t\t\t\t<\/div>\n\t\t<\/div>\n\t\t\t\t\t<\/div>\n\t\t<\/section>\n\t\t\t\t<section class=\"elementor-section elementor-top-section elementor-element elementor-element-6fd44b0 elementor-section-boxed elementor-section-height-default elementor-section-height-default\" data-id=\"6fd44b0\" data-element_type=\"section\" data-settings=\"{&quot;jet_parallax_layout_list&quot;:[]}\">\n\t\t\t\t\t\t<div class=\"elementor-container elementor-column-gap-wide\">\n\t\t\t\t\t<div class=\"elementor-column elementor-col-100 elementor-top-column elementor-element elementor-element-17e6ba6\" data-id=\"17e6ba6\" data-element_type=\"column\">\n\t\t\t<div class=\"elementor-widget-wrap elementor-element-populated\">\n\t\t\t\t\t\t<div class=\"elementor-element elementor-element-21b735d elementor-widget elementor-widget-spps_title_text\" data-id=\"21b735d\" data-element_type=\"widget\" data-widget_type=\"spps_title_text.default\">\n\t\t\t\t<div class=\"elementor-widget-container\">\n\t\t\t\t\t<div class=\"title-text-wrapper wrapper-spacing-default\"><div class=\"title-text-title\"><h2>Noi siamo PS60+<\/h2><\/div><div class=\"title-text-container\"><div class=\"title-text-text\"><p>Il PS60+ rappresenta il punto di vista della generazione pi\u00f9 anziana sullo sfondo delle sue esperienze e della sua situazione di vita.<\/p>\n<p>Non si limita a rappresentare gli interessi specifici dell'et\u00e0, ma mostra anche solidariet\u00e0 con le generazioni pi\u00f9 giovani. Si batte per l'uguaglianza dei diritti e l'autodeterminazione, nonch\u00e9 per il rispetto della dignit\u00e0 delle persone anziane nella societ\u00e0, promuove la partecipazione dei compagni anziani agli eventi sociali e politici e promuove idee sulla politica dell'et\u00e0 nel partito e nella societ\u00e0. Inoltre, prende posizione su questioni politiche da sottoporre all'attenzione del PS Svizzera o delle strutture cantonali, regionali o locali del partito e contribuisce alla formazione della volont\u00e0 politica all'interno e all'esterno del partito.<\/p>\n<\/div><\/div><\/div>\t\t\t\t<\/div>\n\t\t\t\t<\/div>\n\t\t\t\t<div class=\"elementor-element elementor-element-5e55f8b elementor-widget elementor-widget-spps_button_list\" data-id=\"5e55f8b\" data-element_type=\"widget\" data-widget_type=\"spps_button_list.default\">\n\t\t\t\t<div class=\"elementor-widget-container\">\n\t\t\t\t\t<div class=\"button-list-wrapper wrapper-spacing-default  \"><div class=\"button-list-title\"><h2>Attuale<\/h2><\/div><div class=\"button-list-container\"><div class=\"button-list-items\"><div class=\"button-list-item\"><div class=\"button-wrapper \"><a href=\"https:\/\/www.sp-ps.ch\/fr\/artikel\/category\/sp-fr\/ps60\/newsletter-ps60\/newsletter-sp60-juni-2025-fr\/\"  target=\"_blank\" class=\"button-link button-link-default\" >Newsletter PS60+ giugno 2025 (francese)<span class=\"button-media-date\">11.05.2026<\/span><\/a><\/div><\/div><div class=\"button-list-item\"><div class=\"button-wrapper \"><a href=\"https:\/\/www.sp-ps.ch\/fr\/artikel\/european-day-of-solidarity-la-solution-a-la-crise-climatique-est-evidente\/\"  target=\"_blank\" class=\"button-link button-link-default\" >La soluzione alla crisi climatica \u00e8 evidente (francese)<span class=\"button-media-date\">11.05.2026<\/span><\/a><\/div><\/div><div class=\"button-list-item\"><div class=\"button-wrapper \"><a href=\"https:\/\/www.sp-ps.ch\/it\/artikel\/category\/newsletter-ps60-aprile-2025\/\"  target=\"_blank\" class=\"button-link button-link-default\" >Newsletter PS60+ aprile 2025<span class=\"button-media-date\">11.05.2026<\/span><\/a><\/div><\/div><div class=\"button-list-item\"><div class=\"button-wrapper \"><a href=\"https:\/\/www.sp-ps.ch\/it\/artikel\/category\/newsletter-ps60-novembre-2024-it\/\"  target=\"_blank\" class=\"button-link button-link-default\" >Newsletter PS60+ novembre<span class=\"button-media-date\">11.05.2026<\/span><\/a><\/div><\/div><div class=\"button-list-item\"><div class=\"button-wrapper \"><a href=\"https:\/\/www.sp-ps.ch\/fr\/artikel\/numerisation-et-ia-promouvoir-le-meilleur-et-proteger-la-democratie\/\"  target=\"_blank\" class=\"button-link button-link-default\" >Digitalizzazione e IA - promuovere il meglio e proteggere la democrazia (francese)<span class=\"button-media-date\">11.05.2026<\/span><\/a><\/div><\/div><div class=\"button-list-item button-list-item-hidden\"><div class=\"button-wrapper \"><a href=\"https:\/\/www.sp-ps.ch\/it\/artikel\/category\/newsletter-ps60-agosto-2024\/\"  target=\"_blank\" class=\"button-link button-link-default\" > Newsletter PS60+ agosto 2024<span class=\"button-media-date\">11.05.2026<\/span><\/a><\/div><\/div><div class=\"button-list-item button-list-item-hidden\"><div class=\"button-wrapper \"><a href=\"https:\/\/www.sp-ps.ch\/fr\/artikel\/faire-face-a-la-pauvrete-en-suisse\/\"  target=\"_blank\" class=\"button-link button-link-default\" >Affrontare la povert\u00e0 in Svizzera (francese)<span class=\"button-media-date\">11.05.2026<\/span><\/a><\/div><\/div><div class=\"button-list-item button-list-item-hidden\"><div class=\"button-wrapper \"><a href=\"https:\/\/www.sp-ps.ch\/it\/artikel\/category\/newsletter-sp60-aprile-2024\/\"  target=\"_blank\" class=\"button-link button-link-default\" > Newsletter PS60+ aprile 2024<span class=\"button-media-date\">11.05.2026<\/span><\/a><\/div><\/div><div class=\"button-list-item button-list-item-hidden\"><div class=\"button-wrapper \"><a href=\"https:\/\/www.sp-ps.ch\/fr\/artikel\/le-ps60-veut-un-acces-automatique-aux-prestations-sociales\/\"  target=\"_blank\" class=\"button-link button-link-default\" >Il PS60+ vuole l'accesso automatico ai benefici sociali (francese)<span class=\"button-media-date\">11.05.2026<\/span><\/a><\/div><\/div><div class=\"button-list-item button-list-item-hidden\"><div class=\"button-wrapper \"><a href=\"https:\/\/www.sp-ps.ch\/fr\/artikel\/category\/sp-fr\/ps60\/newsletter-ps60\/newsletter-ps60-5-fevrier-2024\/\"  target=\"_blank\" class=\"button-link button-link-default\" >Newsletter PS60+ febbraio 2024 (francese)<span class=\"button-media-date\">11.05.2026<\/span><\/a><\/div><\/div><\/div><div class=\"button-list-more\"><div class=\"button-wrapper button-wrapper-right\"><a href=\"#\" class=\"button-link button-link-open button-link-toggle-on\" data-button-list-toggle>di piu<\/a><a href=\"#\" class=\"button-link button-link-close button-link-toggle-off\" data-button-list-toggle>meno<\/a><\/div><\/div><\/div><\/div>\t\t\t\t<\/div>\n\t\t\t\t<\/div>\n\t\t\t\t<div class=\"elementor-element elementor-element-e047e85 elementor-widget elementor-widget-spps_button_list\" data-id=\"e047e85\" data-element_type=\"widget\" data-widget_type=\"spps_button_list.default\">\n\t\t\t\t<div class=\"elementor-widget-container\">\n\t\t\t\t\t<div class=\"button-list-wrapper wrapper-spacing-default  \"><div class=\"button-list-title\"><h2>Conferenze dei membri<\/h2><\/div><div class=\"button-list-container\"><div class=\"button-list-items\"><div class=\"button-list-item\"><div class=\"button-wrapper \"><a href=\"https:\/\/www.sp-ps.ch\/fr\/agenda\/conference-des-membres-du-ps60-2\/\"  target=\"_blank\" class=\"button-link button-link-default\" >Invito alla conferenza dei membri del 13 giugno 2025 (francese)<span class=\"button-media-date\">11.05.2026<\/span><\/a><\/div><\/div><div class=\"button-list-item\"><div class=\"button-wrapper \"><a href=\"https:\/\/www.sp-ps.ch\/fr\/agenda\/conference-des-membres-du-ps60\/\"  target=\"_blank\" class=\"button-link button-link-default\" >Conferenza dei membri il 1\u00b0 giugno 2024 (francese)<span class=\"button-media-date\">05.02.2024<\/span><\/a><\/div><\/div><div class=\"button-list-item\"><div class=\"button-wrapper \"><a href=\"https:\/\/www.sp-ps.ch\/fr\/agenda\/conference-des-membres-du-ps60-berne\/\"  target=\"_blank\" class=\"button-link button-link-default\" >Conferenza dei membri del 3 giugno 2023 (francese)<span class=\"button-media-date\">03.06.2023<\/span><\/a><\/div><\/div><\/div><\/div><\/div>\t\t\t\t<\/div>\n\t\t\t\t<\/div>\n\t\t\t\t<div class=\"elementor-element elementor-element-a841e1a elementor-widget elementor-widget-spps_button_list\" data-id=\"a841e1a\" data-element_type=\"widget\" data-widget_type=\"spps_button_list.default\">\n\t\t\t\t<div class=\"elementor-widget-container\">\n\t\t\t\t\t<div class=\"button-list-wrapper wrapper-spacing-default  \"><div class=\"button-list-title\"><h2>Conferenze d'autunno<\/h2><\/div><div class=\"button-list-container\"><div class=\"button-list-items\"><div class=\"button-list-item\"><div class=\"button-wrapper \"><a href=\"https:\/\/www.sp-ps.ch\/fr\/agenda\/conference-dautomne-du-ps60\/\"  target=\"_blank\" class=\"button-link button-link-default\" >Conferenza d'autunno del 28 settembre 2024 (francese)<span class=\"button-media-date\">05.02.2024<\/span><\/a><\/div><\/div><div class=\"button-list-item\"><div class=\"button-wrapper \"><a href=\"https:\/\/www.sp-ps.ch\/fr\/agenda\/journee-sur-leurope-du-ps60\/\"  target=\"_blank\" class=\"button-link button-link-default\" >Conferenza d'autunno del 24 settembre 2022 (francese)<span class=\"button-media-date\">24.09.2022<\/span><\/a><\/div><\/div><\/div><\/div><\/div>\t\t\t\t<\/div>\n\t\t\t\t<\/div>\n\t\t\t\t<div class=\"elementor-element elementor-element-a0ab085 elementor-widget elementor-widget-spps_button_list\" data-id=\"a0ab085\" data-element_type=\"widget\" data-widget_type=\"spps_button_list.default\">\n\t\t\t\t<div class=\"elementor-widget-container\">\n\t\t\t\t\t<div class=\"button-list-wrapper wrapper-spacing-default  \"><div class=\"button-list-title\"><h2>Organizzazione<\/h2><\/div><div class=\"button-list-container\"><div class=\"button-list-items\"><div class=\"button-list-item\"><div class=\"button-wrapper \"><a href=\"https:\/\/www.sp-ps.ch\/it\/partito\/ps-60\/chi-siamo\/\"  target=\"_blank\" class=\"button-link button-link-default\" >Membri del Consiglio direttivo<span class=\"button-media-date\">20.06.2023<\/span><\/a><\/div><\/div><div class=\"button-list-item\"><div class=\"button-wrapper \"><a href=\"https:\/\/www.sp-ps.ch\/wp-content\/uploads\/2022\/09\/Re%CC%80glement-PS60au-01-01-2022-fr_ali-korr-10-09-2022.pdf\"  target=\"_blank\" class=\"button-link button-link-download\" >Regolamento dell'PS60+ a partire dal 1\u00b0 gennaio 2022 (francese)<span class=\"button-media-date\">01.01.2022<\/span><\/a><\/div><\/div><\/div><\/div><\/div>\t\t\t\t<\/div>\n\t\t\t\t<\/div>\n\t\t\t\t<div class=\"elementor-element elementor-element-2b04af5 elementor-widget elementor-widget-spps_button_list\" data-id=\"2b04af5\" data-element_type=\"widget\" data-widget_type=\"spps_button_list.default\">\n\t\t\t\t<div class=\"elementor-widget-container\">\n\t\t\t\t\t<div class=\"button-list-wrapper wrapper-spacing-default  \"><div class=\"button-list-title\"><h2>Rapporti<\/h2><\/div><div class=\"button-list-container\"><div class=\"button-list-items\"><div class=\"button-list-item\"><div class=\"button-wrapper \"><a href=\"https:\/\/www.sp-ps.ch\/wp-content\/uploads\/2025\/05\/SP60_Jahresbericht_Praesidium_und-AG_2024_def_fr.pdf\"  target=\"_blank\" class=\"button-link button-link-download\" >2024 Rapporto annuale PS60+ (francese)<span class=\"button-media-date\">11.05.2026<\/span><\/a><\/div><\/div><div class=\"button-list-item\"><div class=\"button-wrapper \"><a href=\"https:\/\/www.sp-ps.ch\/wp-content\/uploads\/2024\/05\/PS60_Rapport_annuel_presidence_2023_vDEF.pdf\"  target=\"_blank\" class=\"button-link button-link-download\" >2023 Rapporto annuale PS60+ (francese)<span class=\"button-media-date\">11.05.2026<\/span><\/a><\/div><\/div><div class=\"button-list-item\"><div class=\"button-wrapper \"><a href=\"https:\/\/www.sp-ps.ch\/wp-content\/uploads\/2023\/03\/JahresberichtPS60plus-2022-def_fr_ali.pdf\"  target=\"_blank\" class=\"button-link button-link-download\" >2022 Rapporto annuale PS60+<span class=\"button-media-date\">31.12.2022<\/span><\/a><\/div><\/div><\/div><\/div><\/div>\t\t\t\t<\/div>\n\t\t\t\t<\/div>\n\t\t\t\t<div class=\"elementor-element elementor-element-0e96d48 elementor-widget elementor-widget-spps_button_list\" data-id=\"0e96d48\" data-element_type=\"widget\" data-widget_type=\"spps_button_list.default\">\n\t\t\t\t<div class=\"elementor-widget-container\">\n\t\t\t\t\t<div class=\"button-list-wrapper wrapper-spacing-default  \"><div class=\"button-list-title\"><h2>Donazioni<\/h2><\/div><div class=\"button-list-container\"><div class=\"button-list-items\"><div class=\"button-list-item\"><div class=\"button-wrapper \"><a href=\"https:\/\/www.sp-ps.ch\/it\/sostenere-le-attivita-dellsp60-con-una-donazione\/\"  target=\"_blank\" class=\"button-link button-link-default\" >Sostenere le attivit\u00e0 di SP60+ con una donazione<span class=\"button-media-date\">31.12.2022<\/span><\/a><\/div><\/div><\/div><\/div><\/div>\t\t\t\t<\/div>\n\t\t\t\t<\/div>\n\t\t\t\t<div class=\"elementor-element elementor-element-0483bce elementor-widget elementor-widget-spps_call_to_action\" data-id=\"0483bce\" data-element_type=\"widget\" data-widget_type=\"spps_call_to_action.default\">\n\t\t\t\t<div class=\"elementor-widget-container\">\n\t\t\t\t\t<div class=\"call-to-action-wrapper wrapper-spacing-default \" style=\"background:#E4002B\" ><div class=\"call-to-action-title\"><h2>Diventate subito membri di PS60+!<\/h2><\/div><div class=\"call-to-action-container\"><div class=\"call-to-action-text\"><p>Siete gi\u00e0 membri della PS, avete pi\u00f9 di 60 anni e vi sentite indirizzati? Diventate membri del PS60+ gratuitamente.<\/p>\n<\/div><div class=\"call-to-action-buttons call-to-action-buttons-left\"><div class=\"button-wrapper \"><a href=\"https:\/\/www.sp-ps.ch\/partei\/sp-60\/mitmachen\/\"  target=\"_blank\" class=\"button-link button-link-default\"  style='color:#E4002B' onMouseOver=\"this.style.color='white';this.style.background='#E4002B'\" onMouseOut=\"this.style.color='#E4002B';this.style.background='#EBEBEB'\">S\u00ec, mi unisco alla PS60+<\/a><\/div><\/div><\/div><\/div>\t\t\t\t<\/div>\n\t\t\t\t<\/div>\n\t\t\t\t\t<\/div>\n\t\t<\/div>\n\t\t\t\t\t<\/div>\n\t\t<\/section>\n\t\t\t\t<section class=\"elementor-section elementor-top-section elementor-element elementor-element-445ed51 elementor-section-boxed elementor-section-height-default elementor-section-height-default\" data-id=\"445ed51\" data-element_type=\"section\" data-settings=\"{&quot;jet_parallax_layout_list&quot;:[]}\">\n\t\t\t\t\t\t<div class=\"elementor-container elementor-column-gap-default\">\n\t\t\t\t\t<div class=\"elementor-column elementor-col-100 elementor-top-column elementor-element elementor-element-944e8cd\" data-id=\"944e8cd\" data-element_type=\"column\">\n\t\t\t<div class=\"elementor-widget-wrap\">\n\t\t\t\t\t\t\t<\/div>\n\t\t<\/div>\n\t\t\t\t\t<\/div>\n\t\t<\/section>\n\t\t\t\t<\/div>\n\t\t","protected":false},"excerpt":{"rendered":"<p>PS60+ Il PS60+ rappresenta il punto di vista della generazione pi\u00f9 anziana sullo sfondo delle sue esperienze e della sua situazione di vita. Non si limita a rappresentare gli interessi [&hellip;]<\/p>\n","protected":false},"author":1,"featured_media":0,"parent":30426,"menu_order":2,"comment_status":"closed","ping_status":"closed","template":"","meta":{"footnotes":""},"class_list":["post-30642","page","type-page","status-publish","hentry"],"_links":{"self":[{"href":"https:\/\/www.sp-ps.ch\/it\/wp-json\/wp\/v2\/pages\/30642","targetHints":{"allow":["GET"]}}],"collection":[{"href":"https:\/\/www.sp-ps.ch\/it\/wp-json\/wp\/v2\/pages"}],"about":[{"href":"https:\/\/www.sp-ps.ch\/it\/wp-json\/wp\/v2\/types\/page"}],"author":[{"embeddable":true,"href":"https:\/\/www.sp-ps.ch\/it\/wp-json\/wp\/v2\/users\/1"}],"replies":[{"embeddable":true,"href":"https:\/\/www.sp-ps.ch\/it\/wp-json\/wp\/v2\/comments?post=30642"}],"version-history":[{"count":181,"href":"https:\/\/www.sp-ps.ch\/it\/wp-json\/wp\/v2\/pages\/30642\/revisions"}],"predecessor-version":[{"id":162754,"href":"https:\/\/www.sp-ps.ch\/it\/wp-json\/wp\/v2\/pages\/30642\/revisions\/162754"}],"up":[{"embeddable":true,"href":"https:\/\/www.sp-ps.ch\/it\/wp-json\/wp\/v2\/pages\/30426"}],"wp:attachment":[{"href":"https:\/\/www.sp-ps.ch\/it\/wp-json\/wp\/v2\/media?parent=30642"}],"curies":[{"name":"wp","href":"https:\/\/api.w.org\/{rel}","templated":true}]}}