{"id":78592,"date":"2022-09-05T10:33:34","date_gmt":"2022-09-05T08:33:34","guid":{"rendered":"https:\/\/www.sp-ps.ch\/?page_id=78592"},"modified":"2025-01-15T10:11:06","modified_gmt":"2025-01-15T09:11:06","slug":"gruppo-per-il-clima","status":"publish","type":"page","link":"https:\/\/www.sp-ps.ch\/it\/donare\/gruppo-per-il-clima\/","title":{"rendered":"Gruppo per il clima"},"content":{"rendered":"\t\t<div data-elementor-type=\"wp-post\" data-elementor-id=\"78592\" class=\"elementor elementor-78592 elementor-78590\" data-elementor-post-type=\"page\">\n\t\t\t\t\t\t<section class=\"elementor-section elementor-top-section elementor-element elementor-element-62f6b11f03ee2 elementor-section-boxed elementor-section-height-default elementor-section-height-default\" data-id=\"62f6b11f03ee2\" data-element_type=\"section\" data-settings=\"{&quot;jet_parallax_layout_list&quot;:[],&quot;background_background&quot;:&quot;classic&quot;}\">\n\t\t\t\t\t\t<div class=\"elementor-container elementor-column-gap-wide\">\n\t\t\t\t\t<div class=\"elementor-column elementor-col-100 elementor-top-column elementor-element elementor-element-62f6b11f03ee4\" data-id=\"62f6b11f03ee4\" data-element_type=\"column\">\n\t\t\t<div class=\"elementor-widget-wrap elementor-element-populated\">\n\t\t\t\t\t\t<div class=\"elementor-element elementor-element-62f6b11f03e6b elementor-widget elementor-widget-heading\" data-id=\"62f6b11f03e6b\" data-element_type=\"widget\" data-widget_type=\"heading.default\">\n\t\t\t\t<div class=\"elementor-widget-container\">\n\t\t\t\t\t<h1 class=\"elementor-heading-title elementor-size-default\">Entri a far parte del Gruppo per il clima<\/h1>\t\t\t\t<\/div>\n\t\t\t\t<\/div>\n\t\t\t\t<div class=\"elementor-element elementor-element-62f6b11f03ed0 elementor-widget elementor-widget-jet-breadcrumbs\" data-id=\"62f6b11f03ed0\" data-element_type=\"widget\" data-widget_type=\"jet-breadcrumbs.default\">\n\t\t\t\t<div class=\"elementor-widget-container\">\n\t\t\t\t\t<div class=\"elementor-jet-breadcrumbs jet-blocks\">\n\t\t<div class=\"jet-breadcrumbs\">\n\t\t<div class=\"jet-breadcrumbs__content\">\n\t\t<div class=\"jet-breadcrumbs__wrap\">\n\t\t<\/div>\n\t\t<\/div>\n\t\t<\/div><\/div>\t\t\t\t<\/div>\n\t\t\t\t<\/div>\n\t\t\t\t<div class=\"elementor-element elementor-element-d298702 elementor-widget__width-initial elementor-widget elementor-widget-text-editor\" data-id=\"d298702\" data-element_type=\"widget\" data-widget_type=\"text-editor.default\">\n\t\t\t\t<div class=\"elementor-widget-container\">\n\t\t\t\t\t\t\t\t\t<p>I membri del Gruppo per il clima si impegnano versando regolarmente un determinato importo per sostenere i nostri progetti di politica climatica.<\/p>\t\t\t\t\t\t\t\t<\/div>\n\t\t\t\t<\/div>\n\t\t\t\t\t<\/div>\n\t\t<\/div>\n\t\t\t\t\t<\/div>\n\t\t<\/section>\n\t\t\t\t<section class=\"elementor-section elementor-top-section elementor-element elementor-element-62f6b11f03ee6 elementor-section-boxed elementor-section-height-default elementor-section-height-default\" data-id=\"62f6b11f03ee6\" data-element_type=\"section\" data-settings=\"{&quot;jet_parallax_layout_list&quot;:[]}\">\n\t\t\t\t\t\t<div class=\"elementor-container elementor-column-gap-wide\">\n\t\t\t\t\t<div class=\"elementor-column elementor-col-100 elementor-top-column elementor-element elementor-element-62f6b11f03ee7\" data-id=\"62f6b11f03ee7\" data-element_type=\"column\">\n\t\t\t<div class=\"elementor-widget-wrap elementor-element-populated\">\n\t\t\t\t\t\t<div class=\"elementor-element elementor-element-981aa53 elementor-widget elementor-widget-image\" data-id=\"981aa53\" data-element_type=\"widget\" data-widget_type=\"image.default\">\n\t\t\t\t<div class=\"elementor-widget-container\">\n\t\t\t\t\t\t\t\t\t\t\t\t\t\t\t<img fetchpriority=\"high\" decoding=\"async\" width=\"900\" height=\"638\" src=\"https:\/\/www.sp-ps.ch\/wp-content\/uploads\/2022\/09\/220907Klima-dauerspende_Illustration_Final_RGB_web.png\" class=\"attachment-full size-full wp-image-79431\" alt=\"\" srcset=\"https:\/\/www.sp-ps.ch\/wp-content\/uploads\/2022\/09\/220907Klima-dauerspende_Illustration_Final_RGB_web.png 900w, https:\/\/www.sp-ps.ch\/wp-content\/uploads\/2022\/09\/220907Klima-dauerspende_Illustration_Final_RGB_web-300x213.png 300w, https:\/\/www.sp-ps.ch\/wp-content\/uploads\/2022\/09\/220907Klima-dauerspende_Illustration_Final_RGB_web-768x544.png 768w\" sizes=\"(max-width: 900px) 100vw, 900px\" \/>\t\t\t\t\t\t\t\t\t\t\t\t\t\t\t<\/div>\n\t\t\t\t<\/div>\n\t\t\t\t<div class=\"elementor-element elementor-element-7fb6e47 elementor-widget elementor-widget-spps_button\" data-id=\"7fb6e47\" data-element_type=\"widget\" data-widget_type=\"spps_button.default\">\n\t\t\t\t<div class=\"elementor-widget-container\">\n\t\t\t\t\t<div class=\"button-wrapper button-wrapper-left\"><a href=\"#anmelden\"  target=\"_self\" class=\"button-link button-link-default\" >Clicchi qui per aderire direttamente al Gruppo per il clima<\/a><\/div>\t\t\t\t<\/div>\n\t\t\t\t<\/div>\n\t\t\t\t<div class=\"elementor-element elementor-element-a6ef7eb elementor-widget elementor-widget-text-editor\" data-id=\"a6ef7eb\" data-element_type=\"widget\" data-widget_type=\"text-editor.default\">\n\t\t\t\t<div class=\"elementor-widget-container\">\n\t\t\t\t\t\t\t\t\t<p>Entri ora a far parte del Gruppo per il clima e si impegni a sostenere le nostre campagne a favore del clima. Come membro del gruppo potr\u00e0 essere di grande aiuto nella lotta contro la crisi climatica. Insieme potremo affrontare il compito pi\u00f9 grande della nostra generazione. Basta che lei scelga la frequenza, l\u2019importo e il mezzo di pagamento e gi\u00e0 far\u00e0 parte del gruppo. Grazie del suo impegno e della sua fiducia!<\/p><p><strong>Progetti in corso sostenuti dal Gruppo per il clima:<\/strong><\/p>\t\t\t\t\t\t\t\t<\/div>\n\t\t\t\t<\/div>\n\t\t\t\t<div class=\"elementor-element elementor-element-e2d0684 elementor-widget elementor-widget-accordion\" data-id=\"e2d0684\" data-element_type=\"widget\" data-widget_type=\"accordion.default\">\n\t\t\t\t<div class=\"elementor-widget-container\">\n\t\t\t\t\t\t\t<div class=\"elementor-accordion\">\n\t\t\t\t\t\t\t<div class=\"elementor-accordion-item\">\n\t\t\t\t\t<div id=\"elementor-tab-title-2371\" class=\"elementor-tab-title\" data-tab=\"1\" role=\"button\" aria-controls=\"elementor-tab-content-2371\" aria-expanded=\"false\">\n\t\t\t\t\t\t\t\t\t\t\t\t\t<span class=\"elementor-accordion-icon elementor-accordion-icon-left\" aria-hidden=\"true\">\n\t\t\t\t\t\t\t\t\t\t\t\t\t\t\t<span class=\"elementor-accordion-icon-closed\"><i class=\"fas fa-plus\"><\/i><\/span>\n\t\t\t\t\t\t\t\t<span class=\"elementor-accordion-icon-opened\"><i class=\"fas fa-minus\"><\/i><\/span>\n\t\t\t\t\t\t\t\t\t\t\t\t\t\t<\/span>\n\t\t\t\t\t\t\t\t\t\t\t\t<a class=\"elementor-accordion-title\" tabindex=\"0\">Iniziativa per una piazza finanziaria rispettosa del clima<\/a>\n\t\t\t\t\t<\/div>\n\t\t\t\t\t<div id=\"elementor-tab-content-2371\" class=\"elementor-tab-content elementor-clearfix\" data-tab=\"1\" role=\"region\" aria-labelledby=\"elementor-tab-title-2371\"><p><strong>La Svizzera, pur essendo un paese piccolo, ha un settore finanziario di rilevanza globale.<\/strong> Le principali banche e compagnie assicurative svizzere provocano gravi danni attraverso le loro attivit\u00e0 internazionali. <strong>Ogni anno finanziano con miliardi di franchi progetti all\u2019estero dannosi per l\u2019ambiente, come la deforestazione e l\u2019estrazione di carbone.<\/strong> Questo aggrava la crisi climatica e mette a rischio la biodiversit\u00e0.<\/p><p>Mentre molte aziende e persone private svizzere stanno gi\u00e0 adottando modelli sostenibili, <strong>il settore finanziario rimane responsabile di emissioni di CO2 18 volte superiori a quelle generate dall&#8217;intera Svizzera<\/strong>. La Svizzera deve assumersi le proprie responsabilit\u00e0 anche a livello globale. <strong>Perci\u00f2 abbiamo lanciato l\u2019iniziativa per una piazza finanziaria rispettosa del clima<\/strong>. L&#8217;iniziativa mira a garantire che in futuro il denaro svizzero non alimenti pi\u00f9 il riscaldamento globale e la distruzione ambientale.<\/p><p><a href=\"https:\/\/www.sp-ps.ch\/it\/campagne\/iniziativa-piazza-finanziaria\/\">Pi\u00f9 informazioni<\/a><\/p><\/div>\n\t\t\t\t<\/div>\n\t\t\t\t\t\t\t<div class=\"elementor-accordion-item\">\n\t\t\t\t\t<div id=\"elementor-tab-title-2372\" class=\"elementor-tab-title\" data-tab=\"2\" role=\"button\" aria-controls=\"elementor-tab-content-2372\" aria-expanded=\"false\">\n\t\t\t\t\t\t\t\t\t\t\t\t\t<span class=\"elementor-accordion-icon elementor-accordion-icon-left\" aria-hidden=\"true\">\n\t\t\t\t\t\t\t\t\t\t\t\t\t\t\t<span class=\"elementor-accordion-icon-closed\"><i class=\"fas fa-plus\"><\/i><\/span>\n\t\t\t\t\t\t\t\t<span class=\"elementor-accordion-icon-opened\"><i class=\"fas fa-minus\"><\/i><\/span>\n\t\t\t\t\t\t\t\t\t\t\t\t\t\t<\/span>\n\t\t\t\t\t\t\t\t\t\t\t\t<a class=\"elementor-accordion-title\" tabindex=\"0\">Iniziativa per un fondo per il clima<\/a>\n\t\t\t\t\t<\/div>\n\t\t\t\t\t<div id=\"elementor-tab-content-2372\" class=\"elementor-tab-content elementor-clearfix\" data-tab=\"2\" role=\"region\" aria-labelledby=\"elementor-tab-title-2372\"><p>La salvaguardia del clima \u00e8 il compito pi\u00f9 importante della nostra generazione. Possiamo affrontare questa sfida in modo adeguato solo con una soluzione equa e collettiva, che preveda ingenti investimenti pubblici nelle energie rinnovabili, nell\u2019infrastruttura e nelle attivit\u00e0 economiche locali. Cos\u00ec ci assicureremo un approvvigionamento energetico sufficiente per il futuro e posti di lavoro di qualit\u00e0.<\/p><p>Adesso \u00e8 giunta l\u2019ora di fare finalmente un passo avanti: la protezione del clima deve essere affrontata con la necessaria rapidit\u00e0 e con il giusto dispendio di mezzi. <strong>L\u2019iniziativa per un fondo per il clima<\/strong> rende possibile tutto ci\u00f2. La Svizzera deve abbandonare il pi\u00f9 presto possibile le energie fossili e l\u2019uranio. Con l\u2019iniziativa per un fondo per il clima vogliamo promuovere le energie rinnovabili e rafforzare la sicurezza dell\u2019approvvigionamento favorendo la produzione di energia elettrica indigena. <strong>L\u2019iniziativa chiede di investire ogni anno un importo compreso tra lo 0,5\u00a0% e l\u20191\u00a0% del prodotto interno lordo nel rinnovamento ecologico e sociale.<\/strong> Con questo denaro si potranno posare pannelli solari in tutto il territorio, portare avanti i risanamenti del parco immobiliare ovunque in Svizzera e potenziare i trasporti pubblici. Ne siamo certi: <strong>la nostra iniziativa porter\u00e0 a una svolta politica in favore di una maggiore protezione del clima.<\/strong><\/p><p><a href=\"https:\/\/www.sp-ps.ch\/it\/campagne\/fondoclimatico\/\" target=\"_blank\" rel=\"noopener\">Pi\u00f9 informazioni<\/a><\/p><\/div>\n\t\t\t\t<\/div>\n\t\t\t\t\t\t\t<div class=\"elementor-accordion-item\">\n\t\t\t\t\t<div id=\"elementor-tab-title-2373\" class=\"elementor-tab-title\" data-tab=\"3\" role=\"button\" aria-controls=\"elementor-tab-content-2373\" aria-expanded=\"false\">\n\t\t\t\t\t\t\t\t\t\t\t\t\t<span class=\"elementor-accordion-icon elementor-accordion-icon-left\" aria-hidden=\"true\">\n\t\t\t\t\t\t\t\t\t\t\t\t\t\t\t<span class=\"elementor-accordion-icon-closed\"><i class=\"fas fa-plus\"><\/i><\/span>\n\t\t\t\t\t\t\t\t<span class=\"elementor-accordion-icon-opened\"><i class=\"fas fa-minus\"><\/i><\/span>\n\t\t\t\t\t\t\t\t\t\t\t\t\t\t<\/span>\n\t\t\t\t\t\t\t\t\t\t\t\t<a class=\"elementor-accordion-title\" tabindex=\"0\">Legge sulla protezione del clima<\/a>\n\t\t\t\t\t<\/div>\n\t\t\t\t\t<div id=\"elementor-tab-content-2373\" class=\"elementor-tab-content elementor-clearfix\" data-tab=\"3\" role=\"region\" aria-labelledby=\"elementor-tab-title-2373\"><p>Un passo importante per la protezione del clima in Svizzera: il Parlamento e la Consigliera federale Simonetta Sommaruga hanno elaborato <strong>un controprogetto progressista all&#8217;iniziativa per i ghiacciai,<\/strong> introdotto nella nuova Legge sulla protezione del clima. <strong>Grazie all&#8217;impegno del PS, il controprogetto prevede un ampio programma per la sostituzione degli impianti di riscaldamento a combustibili fossili.<\/strong> Inoltre, gli obiettivi di riduzione per l&#8217;industria, i trasporti e gli edifici sono stabiliti per legge. <strong>Il 18 giugno 2023, gli elettori e le elettrici hanno detto S\u00cc alla legge sulla protezione del clima<\/strong> esprimento cos\u00ec chiaramente la volont\u00e0 di promuovere la protezione del clima con investimenti pubblici. Si tratta di un passo importante verso una Svizzera neutrale dal punto di vista climatico.<\/p><\/div>\n\t\t\t\t<\/div>\n\t\t\t\t\t\t\t<div class=\"elementor-accordion-item\">\n\t\t\t\t\t<div id=\"elementor-tab-title-2374\" class=\"elementor-tab-title\" data-tab=\"4\" role=\"button\" aria-controls=\"elementor-tab-content-2374\" aria-expanded=\"false\">\n\t\t\t\t\t\t\t\t\t\t\t\t\t<span class=\"elementor-accordion-icon elementor-accordion-icon-left\" aria-hidden=\"true\">\n\t\t\t\t\t\t\t\t\t\t\t\t\t\t\t<span class=\"elementor-accordion-icon-closed\"><i class=\"fas fa-plus\"><\/i><\/span>\n\t\t\t\t\t\t\t\t<span class=\"elementor-accordion-icon-opened\"><i class=\"fas fa-minus\"><\/i><\/span>\n\t\t\t\t\t\t\t\t\t\t\t\t\t\t<\/span>\n\t\t\t\t\t\t\t\t\t\t\t\t<a class=\"elementor-accordion-title\" tabindex=\"0\">Legge per l'elettricit\u00e0<\/a>\n\t\t\t\t\t<\/div>\n\t\t\t\t\t<div id=\"elementor-tab-content-2374\" class=\"elementor-tab-content elementor-clearfix\" data-tab=\"4\" role=\"region\" aria-labelledby=\"elementor-tab-title-2374\"><p>Un ulteriore passo importante verso una maggiore protezione del clima e sicurezza dell&#8217;approvvigionamento: <strong>la legge per\u00a0l&#8217;elettricit\u00e0 prevede il rafforzamento su larga scala delle energie rinnovabili<\/strong>, in particolare dell&#8217;energia solare sugli edifici e sulle infrastrutture esistenti. La legge \u00e8 un passo importante per abbandonare definitivamente il petrolio e\u00a0il gas. <strong>Il 9 giugno 2024, l&#8217;elettorato\u00a0ha approvato in maniera chiara la legge per\u00a0l&#8217;elettricit\u00e0<\/strong>, sottolineando che bisogna continuare a\u00a0fare passi in avanti in materia di\u00a0protezione del clima.<\/p><\/div>\n\t\t\t\t<\/div>\n\t\t\t\t\t\t\t\t<\/div>\n\t\t\t\t\t\t<\/div>\n\t\t\t\t<\/div>\n\t\t\t\t<div class=\"elementor-element elementor-element-63580d9 elementor-widget elementor-widget-spacer\" data-id=\"63580d9\" data-element_type=\"widget\" data-widget_type=\"spacer.default\">\n\t\t\t\t<div class=\"elementor-widget-container\">\n\t\t\t\t\t\t\t<div class=\"elementor-spacer\">\n\t\t\t<div class=\"elementor-spacer-inner\"><\/div>\n\t\t<\/div>\n\t\t\t\t\t\t<\/div>\n\t\t\t\t<\/div>\n\t\t\t\t<div class=\"elementor-element elementor-element-0b1f91c elementor-widget elementor-widget-heading\" data-id=\"0b1f91c\" data-element_type=\"widget\" data-widget_type=\"heading.default\">\n\t\t\t\t<div class=\"elementor-widget-container\">\n\t\t\t\t\t<h2 class=\"elementor-heading-title elementor-size-default\">L\u2019essenziale in breve<\/h2>\t\t\t\t<\/div>\n\t\t\t\t<\/div>\n\t\t\t\t<div class=\"elementor-element elementor-element-d91051b elementor-widget elementor-widget-spacer\" data-id=\"d91051b\" data-element_type=\"widget\" data-widget_type=\"spacer.default\">\n\t\t\t\t<div class=\"elementor-widget-container\">\n\t\t\t\t\t\t\t<div class=\"elementor-spacer\">\n\t\t\t<div class=\"elementor-spacer-inner\"><\/div>\n\t\t<\/div>\n\t\t\t\t\t\t<\/div>\n\t\t\t\t<\/div>\n\t\t\t\t<div class=\"elementor-element elementor-element-f16fc20 elementor-widget elementor-widget-text-editor\" data-id=\"f16fc20\" data-element_type=\"widget\" data-widget_type=\"text-editor.default\">\n\t\t\t\t<div class=\"elementor-widget-container\">\n\t\t\t\t\t\t\t\t\t<ul><li>I membri del Gruppo per il clima si impegnano versando regolarmente un determinato importo per sostenere i nostri progetti di politica climatica. La sua adesione \u00e8 preziosa perch\u00e9 ci dar\u00e0 la sicurezza necessaria per pianificare le nostre azioni. Per esempio, potremo utilizzare le sue donazioni per sostenere l\u2019iniziativa per un fondo per il clima o quella per una piazza finanziaria rispettosa del clima.<\/li><li>La informeremo regolarmente sui progressi compiuti con le varie campagne. Pu\u00f2 anche comunicarci le sue idee!<\/li><li>Come tutte le altre donazioni al PS, anche i suoi contributi al Gruppo per il clima possono essere dedotti dal reddito imponibile.<\/li><li>Se per ragioni finanziarie o personali dovesse voler uscire dal gruppo, potr\u00e0 farlo in qualsiasi momento.<\/li><\/ul>\t\t\t\t\t\t\t\t<\/div>\n\t\t\t\t<\/div>\n\t\t\t\t<div class=\"elementor-element elementor-element-1c00d90 elementor-widget elementor-widget-menu-anchor\" data-id=\"1c00d90\" data-element_type=\"widget\" data-widget_type=\"menu-anchor.default\">\n\t\t\t\t<div class=\"elementor-widget-container\">\n\t\t\t\t\t\t\t<div class=\"elementor-menu-anchor\" id=\"anmelden\"><\/div>\n\t\t\t\t\t\t<\/div>\n\t\t\t\t<\/div>\n\t\t\t\t<div class=\"elementor-element elementor-element-21a5eec elementor-widget elementor-widget-spacer\" data-id=\"21a5eec\" data-element_type=\"widget\" data-widget_type=\"spacer.default\">\n\t\t\t\t<div class=\"elementor-widget-container\">\n\t\t\t\t\t\t\t<div class=\"elementor-spacer\">\n\t\t\t<div class=\"elementor-spacer-inner\"><\/div>\n\t\t<\/div>\n\t\t\t\t\t\t<\/div>\n\t\t\t\t<\/div>\n\t\t\t\t<div class=\"elementor-element elementor-element-8f11149 elementor-widget elementor-widget-heading\" data-id=\"8f11149\" data-element_type=\"widget\" data-widget_type=\"heading.default\">\n\t\t\t\t<div class=\"elementor-widget-container\">\n\t\t\t\t\t<h2 class=\"elementor-heading-title elementor-size-default\">Entri ora a far parte del Gruppo per il clima! <\/h2>\t\t\t\t<\/div>\n\t\t\t\t<\/div>\n\t\t\t\t<div class=\"elementor-element elementor-element-4002cfc elementor-widget elementor-widget-spacer\" data-id=\"4002cfc\" data-element_type=\"widget\" data-widget_type=\"spacer.default\">\n\t\t\t\t<div class=\"elementor-widget-container\">\n\t\t\t\t\t\t\t<div class=\"elementor-spacer\">\n\t\t\t<div class=\"elementor-spacer-inner\"><\/div>\n\t\t<\/div>\n\t\t\t\t\t\t<\/div>\n\t\t\t\t<\/div>\n\t\t\t\t<div class=\"elementor-element elementor-element-e509e94 elementor-widget elementor-widget-html\" data-id=\"e509e94\" data-element_type=\"widget\" data-widget_type=\"html.default\">\n\t\t\t\t<div class=\"elementor-widget-container\">\n\t\t\t\t\t<div class=\"rnw-widget-container\"><\/div>\r\n<script src=\"https:\/\/tamaro.raisenow.com\/sp-schweiz\/latest\/widget.js\"><\/script>\r\n<script>\r\nwindow.rnw.tamaro.runWidget('.rnw-widget-container', {\r\n\r\n\t\/***************Settings**************\/\r\n\r\n\t\/\/ Sprache w\u00e4hlen (de,fr,it)\r\n\tlanguage: 'it',\r\n\r\n\t\/\/ Kampagnen-ID setzen (Projekt-UID aus Sextant)\r\n\tpurposeDetails: {\r\n\t\tp1: {\r\n\t\t\tstored_campaign_id: 30729253,\r\n\t\t},\r\n\t},\r\n\r\n\t\/\/ Purpose (p1) in allen Sprachen hinterlegen\r\n\ttranslations: {\r\n\t\tde: {\r\n\t\t\tpurposes: {\r\n\t\t\t\tp1: 'Klima-Gruppe',\r\n\t\t\t},\r\n\t\t\tpayment_methods: {\r\n\t\t\t\tdd: 'Lastschriftenverfahren (LSV\/DD)',\r\n\t\t\t},\r\n\t\t\tblocks: {\r\n\t\t\t\tpayment_amounts_and_intervals:  {\r\n            \t\tpayment_types: {\r\n             \t\t\tsetup_recurring_payment: 'Ich m\u00f6chte regelm\u00e4ssig spenden (Klima-Gruppe)',\r\n            \t\t},\r\n            \t},\r\n          \t},\r\n          \tpayment_form: {\r\n\t\t\t\tdatenschutz: '<\/br><\/br><\/br>Das Bundesgesetz \u00fcber die politischen Rechte (BPR) verbietet die Annahme von anonymen Spenden. Wir sind deshalb verpflichtet die Postadresse abzufragen. Mit deiner Spende erkl\u00e4rst du dich einverstanden, dass die SP dich auf dem Laufenden halten darf. Mehr dazu <a href=\"https:\/\/www.sp-ps.ch\/datenschutz-policy\/\" target=\"_blank\">hier<\/a>.',\r\n\t\t\t},\r\n\t\t},\r\n\t\tfr: {\r\n\t\t\tpurposes: {\r\n\t\t\t\tp1: 'Groupe climat',\r\n\t\t\t},\r\n\t\t\tpayment_methods: {\r\n\t\t\t\tdd: 'Recouvrement direct (LSV\/DD)',\r\n\t\t\t},\r\n\t\t\tblocks: {\r\n\t\t\t\tpayment_amounts_and_intervals:  {\r\n            \t\tpayment_types: {\r\n             \t\t\tsetup_recurring_payment: 'Je souhaite mettre en place un paiement r\u00e9gulier (Groupe climat)',\r\n            \t\t},\r\n            \t},\r\n          \t},\r\n          \tpayment_form: {\r\n\t\t\t\tdatenschutz: '<\/br><\/br><\/br>La loi f\u00e9d\u00e9rale sur les droits politiques (LDP) interdit la r\u00e9ception de dons anonymes. Nous avons donc l\\'obligation de demander l\\'adresse postale. En faisant un don, vous acceptez que le PS vous tienne au courant de ses activit\u00e9s. En savoir plus <a href=\"https:\/\/www.sp-ps.ch\/fr\/politique-de-protection-des-donnees\/\" target=\"_blank\">ici<\/a>.',\r\n\t\t\t},\r\n\t\t},\r\n\t\tit: {\r\n\t\t\tpurposes: {\r\n\t\t\t\tp1: 'Gruppo per il clima',\r\n\t\t\t},\r\n\t\t\tpayment_methods: {\r\n\t\t\t\tdd: 'Addebito diretto (LSV\/DD)',\r\n\t\t\t},\r\n\t\t\tblocks: {\r\n\t\t\t\tpayment_amounts_and_intervals:  {\r\n            \t\tpayment_types: {\r\n             \t\t\tsetup_recurring_payment: 'Voglio effettuare una donazione ricorrente (Gruppo per il clima)',\r\n            \t\t},\r\n            \t},\r\n          \t},\r\n          \tpayment_form: {\r\n\t\t\t\tdatenschutz: '<\/br><\/br><\/br>La Legge federale sui diritti politici (LDP) vieta l\\'accettazione di donazioni anonime. Siamo pertanto obbligati a richiedere l\\'indirizzo postale. Con la tua donazione accetti che il PS ti informi sulle sue attivit\u00e0. Maggiori informazioni <a href=\"https:\/\/www.sp-ps.ch\/datenschutz-policy\/\" target=\"_blank\">qui<\/a>.',\r\n\t\t\t},\r\n\t\t}, \r\n\t},\r\n\r\n\t\/\/ Standard-Betr\u00e4ge setzen\r\n\tamounts: [\r\n\t\t{\r\n\t\t\t\"if\": \"paymentType() == onetime\",\r\n\t\t\t\"then\": [40,100,200,400],\r\n\t\t},\r\n\t\t{\r\n\t\t\t\"if\": \"recurringInterval() == monthly && paymentType() == recurring\",\r\n\t\t\t\"then\": [10,20,30,50],\r\n\t\t},\r\n\t\t{\r\n\t\t\t\"if\": \"recurringInterval() == quarterly && paymentType() == recurring\",\r\n\t\t\t\"then\": [30,60,90,150],\r\n\t\t},\r\n\t\t{\r\n\t\t\t\"if\": \"recurringInterval() == semestral && paymentType() == recurring\",\r\n\t\t\t\"then\": [60,120,180,300],\r\n\t\t},\r\n\t\t{\r\n\t\t\t\"if\": \"recurringInterval() == yearly && paymentType() == recurring\",\r\n\t\t\t\"then\": [120,240,360,600],\r\n\t\t},\r\n\t],\r\n\r\n\t\/\/ Regelm\u00e4ssige Spenden aktivieren (optional) und Layout w\u00e4hlen (compact\/list)\r\n\tpaymentTypes: [\r\n\t\t\/\/'onetime',\r\n\t\t'recurring'\r\n\t],\r\n\trecurringIntervalsLayout: 'list',\r\n\r\n\t\/\/ Stored_hidden_parameter aktivieren und setzen (optional)\r\n\tpaymentFormPrefill: {\r\n\t\tstored_customer_email_permission: true,\r\n\t\tstored_customer_donation_receipt: true,\r\n\t\tstored_customer_country: 'CH',\r\n\t\tstored_sxt_address_source: '1008',\r\n\t\tstored_sxt_product_id: '4101133',\r\n\t\t\/\/stored_hidden_parameter: 'myValue',\r\n\t},\r\n\r\n\t\/\/ Sonstige Konfigurationen (nur bei begr\u00fcndetem Bedarf anpassen)\r\n\ttestMode: false,\r\n\tdebug: false,\r\n\tpurposes: ['p1'],\r\n\tshowFields: {\r\n\t\t'stored_customer_email_permission': false,\r\n\t\t'stored_customer_donation_receipt': false,\r\n\t\t'stored_customer_birthdate': false\r\n\t},\r\n\tshowFooter: false,\r\n\tslots: {\r\n\t\tend: [{\r\n        \tcomponent: 'content',\r\n       \t\ttext_html: 'payment_form.datenschutz',\r\n\t\t}],\r\n\t},\r\n\t\/\/minimumCustomAmount: [15],\r\n\t\/\/allowCustomAmount: true,\r\n\t\/\/layout: 'list',\r\n})\r\n<\/script>\r\n\r\n<style>\r\n\t\/*Prim\u00e4rfarben anpassen (optional)*\/\r\n\t:root {\r\n\t\t--tamaro-primary-color: #E4002B;\r\n\t\t--tamaro-primary-color__hover: rgba(228,0,43,0.75);\r\n\t\t--tamaro-primary-bg-color: rgba(228,0,43,0.03);\r\n\t\t--tamaro-border-color: #b5b5b5;\r\n\t\t\/*font-size: inherit;*\/\r\n\t}      \r\n<\/style>\t\t\t\t<\/div>\n\t\t\t\t<\/div>\n\t\t\t\t<div class=\"elementor-element elementor-element-8684de0 elementor-widget elementor-widget-spps_person_grid\" data-id=\"8684de0\" data-element_type=\"widget\" data-widget_type=\"spps_person_grid.default\">\n\t\t\t\t<div class=\"elementor-widget-container\">\n\t\t\t\t\t<div class=\"button-list-wrapper wrapper-spacing-default\"><div class=\"button-list-title\"><h2>Contatto<\/h2><\/div><div class=\"button-list-container\"><div class=\"button-list-text\"><p>Per qualsiasi domanda, non esitate a contattare Regula-Sibylle Schweizer, responsabile delle donazioni permanenti.\u00a0<\/p><\/div><div class=\"persons persons-grid-1\"><div class=\"persons-items\"><div class=\"persons-item\"><div class=\"person-container\"><div class=\"person-portrait\"><a href=\"https:\/\/www.sp-ps.ch\/it\/person\/regula-sibylle-schweizer\/\"><img decoding=\"async\" src=\"https:\/\/www.sp-ps.ch\/wp-content\/uploads\/2020\/09\/DSC_0887_quadratisch-600x600.jpg?v=1661332736\" alt=\"Regula-Sibylle Schweizer\" loading=\"lazy\"><\/a><\/div><div class=\"person-content\"><a href=\"https:\/\/www.sp-ps.ch\/it\/person\/regula-sibylle-schweizer\/\" class=\"person-name\"><p><strong>Regula-Sibylle Schweizer<\/strong><\/p><\/a><p class=\"person-position\">Raccolta di fondi & responsabile pianificazione patrimoniale e Gruppo 2027<\/p><ul class=\"person-kontakt list-pills list-pills-grey\"><li><a href=\"tel:+41313296987\">+41 31 329 69 87<\/a><\/li><li><a href=\"mailto:regula.schweizer@spschweiz.ch\">E-Mail<\/a><\/li><\/ul><\/div><\/div><\/div><\/div><\/div><\/div><\/div>\t\t\t\t<\/div>\n\t\t\t\t<\/div>\n\t\t\t\t\t<\/div>\n\t\t<\/div>\n\t\t\t\t\t<\/div>\n\t\t<\/section>\n\t\t\t\t<\/div>\n\t\t","protected":false},"excerpt":{"rendered":"<p>Entri a far parte del Gruppo per il clima I membri del Gruppo per il clima si impegnano versando regolarmente un determinato importo per sostenere i nostri progetti di politica [&hellip;]<\/p>\n","protected":false},"author":74,"featured_media":0,"parent":30717,"menu_order":1,"comment_status":"open","ping_status":"closed","template":"","meta":{"footnotes":""},"class_list":["post-78592","page","type-page","status-publish","hentry"],"_links":{"self":[{"href":"https:\/\/www.sp-ps.ch\/it\/wp-json\/wp\/v2\/pages\/78592","targetHints":{"allow":["GET"]}}],"collection":[{"href":"https:\/\/www.sp-ps.ch\/it\/wp-json\/wp\/v2\/pages"}],"about":[{"href":"https:\/\/www.sp-ps.ch\/it\/wp-json\/wp\/v2\/types\/page"}],"author":[{"embeddable":true,"href":"https:\/\/www.sp-ps.ch\/it\/wp-json\/wp\/v2\/users\/74"}],"replies":[{"embeddable":true,"href":"https:\/\/www.sp-ps.ch\/it\/wp-json\/wp\/v2\/comments?post=78592"}],"version-history":[{"count":81,"href":"https:\/\/www.sp-ps.ch\/it\/wp-json\/wp\/v2\/pages\/78592\/revisions"}],"predecessor-version":[{"id":152085,"href":"https:\/\/www.sp-ps.ch\/it\/wp-json\/wp\/v2\/pages\/78592\/revisions\/152085"}],"up":[{"embeddable":true,"href":"https:\/\/www.sp-ps.ch\/it\/wp-json\/wp\/v2\/pages\/30717"}],"wp:attachment":[{"href":"https:\/\/www.sp-ps.ch\/it\/wp-json\/wp\/v2\/media?parent=78592"}],"curies":[{"name":"wp","href":"https:\/\/api.w.org\/{rel}","templated":true}]}}