{"id":95611,"date":"2023-03-31T15:55:08","date_gmt":"2023-03-31T13:55:08","guid":{"rendered":"https:\/\/www.sp-ps.ch\/persone-di-fiducia\/"},"modified":"2026-03-30T09:57:53","modified_gmt":"2026-03-30T07:57:53","slug":"persone-di-fiducia","status":"publish","type":"page","link":"https:\/\/www.sp-ps.ch\/it\/persone-di-fiducia\/","title":{"rendered":"Persone di fiducia"},"content":{"rendered":"\t\t<div data-elementor-type=\"wp-page\" data-elementor-id=\"95611\" class=\"elementor elementor-95611 elementor-90474\" data-elementor-post-type=\"page\">\n\t\t\t\t\t\t<section class=\"elementor-section elementor-top-section elementor-element elementor-element-8b99ad9 elementor-section-boxed elementor-section-height-default elementor-section-height-default\" data-id=\"8b99ad9\" data-element_type=\"section\" data-settings=\"{&quot;jet_parallax_layout_list&quot;:[],&quot;background_background&quot;:&quot;classic&quot;}\">\n\t\t\t\t\t\t<div class=\"elementor-container elementor-column-gap-wide\">\n\t\t\t\t\t<div class=\"elementor-column elementor-col-100 elementor-top-column elementor-element elementor-element-f9aee72\" data-id=\"f9aee72\" data-element_type=\"column\">\n\t\t\t<div class=\"elementor-widget-wrap elementor-element-populated\">\n\t\t\t\t\t\t<div class=\"elementor-element elementor-element-4d478a7 elementor-widget elementor-widget-heading\" data-id=\"4d478a7\" data-element_type=\"widget\" data-widget_type=\"heading.default\">\n\t\t\t\t<div class=\"elementor-widget-container\">\n\t\t\t\t\t<h1 class=\"elementor-heading-title elementor-size-default\">Rete delle persone di fiducia<\/h1>\t\t\t\t<\/div>\n\t\t\t\t<\/div>\n\t\t\t\t<div class=\"elementor-element elementor-element-8ebb827 elementor-widget elementor-widget-jet-breadcrumbs\" data-id=\"8ebb827\" data-element_type=\"widget\" data-widget_type=\"jet-breadcrumbs.default\">\n\t\t\t\t<div class=\"elementor-widget-container\">\n\t\t\t\t\t<div class=\"elementor-jet-breadcrumbs jet-blocks\">\n\t\t<div class=\"jet-breadcrumbs\">\n\t\t<div class=\"jet-breadcrumbs__content\">\n\t\t<div class=\"jet-breadcrumbs__wrap\">\n\t\t<\/div>\n\t\t<\/div>\n\t\t<\/div><\/div>\t\t\t\t<\/div>\n\t\t\t\t<\/div>\n\t\t\t\t<div class=\"elementor-element elementor-element-a0bba0c elementor-widget__width-initial elementor-widget elementor-widget-text-editor\" data-id=\"a0bba0c\" data-element_type=\"widget\" data-widget_type=\"text-editor.default\">\n\t\t\t\t<div class=\"elementor-widget-container\">\n\t\t\t\t\t\t\t\t\t<p><strong>Hai subito dei commenti per il colore della tua pelle durante un evento del partito? Ti sono state fatte delle avance a sfondo sessuale a una bancarella? Qualcuno\/-a ha deliberatamente usato i pronomi sbagliati rivolgendosi a te? Ti hanno trattato con condiscendenza a causa della tua disabilit\u00e0? Non ti hanno chiesto di candidarti per una carica perch\u00e9 sei incinta? Noi diciamo: basta! Qualsiasi forma di molestia e discriminazione \u00e8 fondamentalmente incompatibile con i valori che il PS rappresenta. Se hai bisogno di sostegno, siamo a tua disposizione come persone di fiducia.<\/strong><\/p><p><strong>\u00a0<\/strong><\/p>\t\t\t\t\t\t\t\t<\/div>\n\t\t\t\t<\/div>\n\t\t\t\t\t<\/div>\n\t\t<\/div>\n\t\t\t\t\t<\/div>\n\t\t<\/section>\n\t\t\t\t<section class=\"elementor-section elementor-top-section elementor-element elementor-element-98dfaaf elementor-section-boxed elementor-section-height-default elementor-section-height-default\" data-id=\"98dfaaf\" data-element_type=\"section\" data-settings=\"{&quot;jet_parallax_layout_list&quot;:[]}\">\n\t\t\t\t\t\t<div class=\"elementor-container elementor-column-gap-default\">\n\t\t\t\t\t<div class=\"elementor-column elementor-col-100 elementor-top-column elementor-element elementor-element-cadb836\" data-id=\"cadb836\" data-element_type=\"column\">\n\t\t\t<div class=\"elementor-widget-wrap elementor-element-populated\">\n\t\t\t\t\t\t<div class=\"elementor-element elementor-element-fefbd21 elementor-widget elementor-widget-spps_button_list\" data-id=\"fefbd21\" data-element_type=\"widget\" data-widget_type=\"spps_button_list.default\">\n\t\t\t\t<div class=\"elementor-widget-container\">\n\t\t\t\t\t<div class=\"button-list-wrapper wrapper-spacing-default  \"><div class=\"button-list-title\"><h2>Contro le discriminazioni e le molestie sessuali, anche nel nostro partito!<\/h2><\/div><div class=\"button-list-container\"><div class=\"button-list-text\"><p>Il PS Svizzero non tollera alcuna forma di discriminazione o molestia sessuale nei confronti delle persone iscritte, dei dipendenti o di altre persone associate al partito, n\u00e9 tollera tali comportamenti da parte loro.<\/p><p>Per poter reagire in modo adeguato ai casi di discriminazione e molestie all'interno del partito, il PS Svizzero ha istituito la \u00abrete di persone di fiducia\u00bb, composta da sette a nove persone. Il nostro compito \u00e8 quello di dare consiglio alle persone colpite, di fornire un sostegno professionale e di discutere con la persona interessata come meglio proseguire. Come persone di fiducia non avviamo alcuna misura che non sia stata concordata con la persona interessata. Siamo tenute al segreto professionale e, in caso di conflitto di interessi, ci mettiamo da parte durante la consulenza. Come persona interessata puoi intraprendere un'azione legale in qualsiasi momento. Noi persone di fiducia rappresentiamo tutti i sessi. Possiamo essere contattati in tedesco, francese e italiano.<\/p><h3><strong>Linea guida contro le molestie sessuali e le discriminazioni<\/strong><\/h3><p>Nel 2021, l'allora Conferenza di coordinamento dei partiti cantonali e degli organi ha emanato una linea guida contro la discriminazione e le molestie sessuali nel PS Svizzero. La linea guida si applica alle persone iscritte e a quelle simpatizzanti del nostro partito. Riguarda il comportamento reciproco e nei confronti di terzi, ad esempio nei confronti dei dipendenti del partito. La linea guida afferma dei principi di fondo: qualsiasi forma di molestia e discriminazione \u00e8 fondamentalmente incompatibile con i valori che il PS Svizzera rappresenta. Tutte le persone hanno il diritto di vivere la propria vita libera da molestie sessuali e discriminazioni di qualsiasi tipo, indipendentemente dall'et\u00e0, dall'identit\u00e0 di genere, dall'orientamento sessuale, dalla disabilit\u00e0, dalla religione, dall'aspetto, dall'origine etnica o da altre caratteristiche.<\/p><h3>Supporto professionale<\/h3><p>Noi persone di fiducia siamo supportate professionalmente dagli esperti Katharina Jeger e Martin Hengartner. Possiamo consultare loro in modo riservato per i casi difficili (supervisione). Inoltre, Katharina e Martin organizzano incontri di intervisione (scambio di informazioni tra noi persone di fiducia), ci offrono corsi di formazione e introducono nuove persone di fiducia.<\/p><p>Katharina Jeger e Martin Hengartner hanno esperienza nel campo della consulenza aziendale e come persone di fiducia interne ed esterne.\u00a0<\/p><p>La rete delle persone di fiducia \u00e8 coordinata da Laura Riget: <a href=\"mailto:laura.riget@spschweiz.ch\">laura.riget@spschweiz.ch<\/a><\/p><\/div><div class=\"button-list-items\"><div class=\"button-list-item\"><div class=\"button-wrapper \"><a href=\"https:\/\/www.sp-ps.ch\/wp-content\/uploads\/2023\/03\/Direttiva_Discriminazione_Moleste_SPS_2021_I.pdf\"  target=\"_self\" class=\"button-link button-link-download\" >Linee guida sulle molestie sessuali e sulle discriminazioni (2021)<span class=\"button-media-date\">06.05.2026<\/span><\/a><\/div><\/div><\/div><\/div><\/div>\t\t\t\t<\/div>\n\t\t\t\t<\/div>\n\t\t\t\t\t<\/div>\n\t\t<\/div>\n\t\t\t\t\t<\/div>\n\t\t<\/section>\n\t\t\t\t<section class=\"elementor-section elementor-top-section elementor-element elementor-element-3334c2c elementor-section-boxed elementor-section-height-default elementor-section-height-default\" data-id=\"3334c2c\" data-element_type=\"section\" data-settings=\"{&quot;jet_parallax_layout_list&quot;:[]}\">\n\t\t\t\t\t\t<div class=\"elementor-container elementor-column-gap-default\">\n\t\t\t\t\t<div class=\"elementor-column elementor-col-100 elementor-top-column elementor-element elementor-element-11a9577\" data-id=\"11a9577\" data-element_type=\"column\">\n\t\t\t<div class=\"elementor-widget-wrap elementor-element-populated\">\n\t\t\t\t\t\t<div class=\"elementor-element elementor-element-f6f4030 elementor-widget elementor-widget-spps_person_grid\" data-id=\"f6f4030\" data-element_type=\"widget\" data-widget_type=\"spps_person_grid.default\">\n\t\t\t\t<div class=\"elementor-widget-container\">\n\t\t\t\t\t<div class=\"button-list-wrapper wrapper-spacing-small\"><div class=\"button-list-title\"><h3>Persone di fiducia  <\/h3><\/div><div class=\"button-list-container\"><div class=\"button-list-text\"><p>Qui troverete i vostri contatti - siamo a vostra disposizione.<\/p>\n<\/div><div class=\"persons persons-grid-2\"><div class=\"persons-items\"><div class=\"persons-item\"><div class=\"person-container\"><div class=\"person-portrait\"><a href=\"https:\/\/www.sp-ps.ch\/it\/person\/pia-engler\/\"><img decoding=\"async\" src=\"https:\/\/www.sp-ps.ch\/wp-content\/uploads\/2024\/10\/Pia_Engler_cropped-600x600.jpg?v=1727948507\" alt=\"Pia Engler\" loading=\"lazy\"><\/a><\/div><div class=\"person-content\"><a href=\"https:\/\/www.sp-ps.ch\/it\/person\/pia-engler\/\" class=\"person-name\"><p><strong>Pia Engler<\/strong><\/p><\/a><p class=\"person-position\">Membro del PS Lucerna e gran consigliera<\/p><ul class=\"person-kontakt list-pills list-pills-grey\"><li><a href=\"mailto:pia_engler@bluewin.ch\">E-Mail<\/a><\/li><\/ul><\/div><\/div><\/div><div class=\"persons-item\"><div class=\"person-container\"><div class=\"person-portrait\"><a href=\"https:\/\/www.sp-ps.ch\/it\/person\/mia-jenni\/\"><img decoding=\"async\" src=\"https:\/\/www.sp-ps.ch\/wp-content\/uploads\/2022\/06\/mia_quadrat-2-600x600.jpg?v=1659529638\" alt=\"Mia Jenni\" loading=\"lazy\"><\/a><\/div><div class=\"person-content\"><a href=\"https:\/\/www.sp-ps.ch\/it\/person\/mia-jenni\/\" class=\"person-name\"><p><strong>Mia Jenni<\/strong><\/p><\/a><p class=\"person-position\">Segreteria del PS queer (lei)<\/p><ul class=\"person-kontakt list-pills list-pills-grey\"><li><a href=\"tel:+41313296996\">+41 31 329 69 96<\/a><\/li><li><a href=\"mailto:mia.jenni@spschweiz.ch\">E-Mail<\/a><\/li><\/ul><\/div><\/div><\/div><div class=\"persons-item\"><div class=\"person-container\"><div class=\"person-portrait\"><a href=\"https:\/\/www.sp-ps.ch\/it\/person\/nils-jocher-2\/\"><img decoding=\"async\" src=\"https:\/\/www.sp-ps.ch\/wp-content\/uploads\/2024\/02\/spfrenkendorf_weissheimer-9476_Nils_Jocher-600x600.jpg?v=1706781574\" alt=\"Nils Jocher (er\/ihn)\" loading=\"lazy\"><\/a><\/div><div class=\"person-content\"><a href=\"https:\/\/www.sp-ps.ch\/it\/person\/nils-jocher-2\/\" class=\"person-name\"><p><strong>Nils Jocher (er\/ihn)<\/strong><\/p><\/a><p class=\"person-position\">Presidente del PS Basilea-Campagna<\/p><ul class=\"person-kontakt list-pills list-pills-grey\"><li><a href=\"mailto:nils.jocher@sp-bl.ch\">E-Mail<\/a><\/li><\/ul><\/div><\/div><\/div><div class=\"persons-item\"><div class=\"person-container\"><div class=\"person-portrait\"><a href=\"https:\/\/www.sp-ps.ch\/it\/person\/gina-la-mantia\/\"><img decoding=\"async\" src=\"https:\/\/www.sp-ps.ch\/wp-content\/uploads\/2019\/11\/DSCF4584_quadrat-600x600.jpg?v=1708351778\" alt=\"Gina La Mantia\" loading=\"lazy\"><\/a><\/div><div class=\"person-content\"><a href=\"https:\/\/www.sp-ps.ch\/it\/person\/gina-la-mantia\/\" class=\"person-name\"><p><strong>Gina La Mantia<\/strong><\/p><\/a><p class=\"person-position\"> Formazione e organizzazione del partito &amp; Segreteria PS International<\/p><ul class=\"person-kontakt list-pills list-pills-grey\"><li><a href=\"tel:+41315122708\">+41 31 512 27 08<\/a><\/li><li><a href=\"mailto:gina.lamantia@spschweiz.ch\">E-Mail<\/a><\/li><\/ul><\/div><\/div><\/div><\/div><\/div><\/div><\/div>\t\t\t\t<\/div>\n\t\t\t\t<\/div>\n\t\t\t\t\t<\/div>\n\t\t<\/div>\n\t\t\t\t\t<\/div>\n\t\t<\/section>\n\t\t\t\t<\/div>\n\t\t","protected":false},"excerpt":{"rendered":"<p>Rete delle persone di fiducia Hai subito dei commenti per il colore della tua pelle durante un evento del partito? Ti sono state fatte delle avance a sfondo sessuale a [&hellip;]<\/p>\n","protected":false},"author":64,"featured_media":0,"parent":0,"menu_order":0,"comment_status":"closed","ping_status":"closed","template":"","meta":{"footnotes":""},"class_list":["post-95611","page","type-page","status-publish","hentry"],"_links":{"self":[{"href":"https:\/\/www.sp-ps.ch\/it\/wp-json\/wp\/v2\/pages\/95611","targetHints":{"allow":["GET"]}}],"collection":[{"href":"https:\/\/www.sp-ps.ch\/it\/wp-json\/wp\/v2\/pages"}],"about":[{"href":"https:\/\/www.sp-ps.ch\/it\/wp-json\/wp\/v2\/types\/page"}],"author":[{"embeddable":true,"href":"https:\/\/www.sp-ps.ch\/it\/wp-json\/wp\/v2\/users\/64"}],"replies":[{"embeddable":true,"href":"https:\/\/www.sp-ps.ch\/it\/wp-json\/wp\/v2\/comments?post=95611"}],"version-history":[{"count":52,"href":"https:\/\/www.sp-ps.ch\/it\/wp-json\/wp\/v2\/pages\/95611\/revisions"}],"predecessor-version":[{"id":181094,"href":"https:\/\/www.sp-ps.ch\/it\/wp-json\/wp\/v2\/pages\/95611\/revisions\/181094"}],"wp:attachment":[{"href":"https:\/\/www.sp-ps.ch\/it\/wp-json\/wp\/v2\/media?parent=95611"}],"curies":[{"name":"wp","href":"https:\/\/api.w.org\/{rel}","templated":true}]}}