{"id":98848,"date":"2023-05-17T13:33:43","date_gmt":"2023-05-17T11:33:43","guid":{"rendered":"https:\/\/www.sp-ps.ch\/?page_id=98848"},"modified":"2023-06-07T15:19:09","modified_gmt":"2023-06-07T13:19:09","slug":"no-allimposta-minima-dellocse","status":"publish","type":"page","link":"https:\/\/www.sp-ps.ch\/it\/no-allimposta-minima-dellocse\/","title":{"rendered":"No all\u2019imposta minima dell\u2019OCSE"},"content":{"rendered":"\t\t<div data-elementor-type=\"wp-page\" data-elementor-id=\"98848\" class=\"elementor elementor-98848 elementor-96805\" data-elementor-post-type=\"page\">\n\t\t\t\t\t\t<section class=\"elementor-section elementor-top-section elementor-element elementor-element-31afa8f elementor-section-boxed elementor-section-height-default elementor-section-height-default\" data-id=\"31afa8f\" data-element_type=\"section\" data-settings=\"{&quot;jet_parallax_layout_list&quot;:[]}\">\n\t\t\t\t\t\t<div class=\"elementor-container elementor-column-gap-default\">\n\t\t\t\t\t<div class=\"elementor-column elementor-col-100 elementor-top-column elementor-element elementor-element-6a79188\" data-id=\"6a79188\" data-element_type=\"column\">\n\t\t\t<div class=\"elementor-widget-wrap elementor-element-populated\">\n\t\t\t\t\t\t<div class=\"elementor-element elementor-element-9606749 elementor-widget elementor-widget-spps_button_list\" data-id=\"9606749\" data-element_type=\"widget\" data-widget_type=\"spps_button_list.default\">\n\t\t\t\t<div class=\"elementor-widget-container\">\n\t\t\t\t\t<div class=\"button-list-wrapper wrapper-spacing-default  \"><div class=\"button-list-title\"><h2>No all\u2019imposta minima dell\u2019OCSE: non favorisce la popolazione<\/h2><\/div><div class=\"button-list-container\"><div class=\"button-list-text\"><p>Il progetto OCSE di una tassazione minima non comporta alcun beneficio per la popolazione. Gli unici a trarne vantaggio saranno infatti i Cantoni che ospitano i grandi gruppi industriali, come quello di Zugo, che ha gi\u00e0 annunciato di volere utilizzare una parte di questi fondi per ridurre le imposte dei pi\u00f9 ricchi, mentre un\u2019altra quota sar\u00e0 destinata ad attivit\u00e0 di promozione della piazza economica.<\/p><p><strong>Da tempo si attende un\u2019imposta minima per i grandi gruppi multinazionali. L\u2019attuale progetto non migliora tuttavia il potere d\u2019acquisto delle persone.<\/strong> Votando NO sar\u00e0 possibile individuare una soluzione diversa e pi\u00f9 equa.<\/p><p>\u00a0<\/p><h3><strong>Un progetto iniquo e una concorrenza fiscale dannosa<\/strong><\/h3><p>Grazie a tale progetto il Cantone Zugo percepirebbe 51 volte di pi\u00f9 a persona rispetto al Cantone San Gallo. Questo non \u00e8 giusto e si traduce in una maggiore dannosa concorrenza fiscale. Inoltre il Cantone Zugo ha gi\u00e0 dichiarato di voler abbassare le imposte per i pi\u00f9 ricchi, favorendo a senso unico i grandi gruppi industriali, a spese della popolazione.\u00a0<\/p><h3><strong>Ora finalmente tocca alla popolazione<\/strong><\/h3><p>Per decenni la popolazione ha finanziato l\u2019elusione fiscale delle aziende globali. Ora finalmente tocca alla popolazione dire basta a multinazionali e grandi azionisti.<\/p><h3><strong>Un \u00abNo\u00bb migliorer\u00e0 il progetto di attuazione<\/strong><\/h3><p>In caso di \u00abNo\u00bb il Parlamento pu\u00f2 approvare subito un progetto migliore, che vada a vantaggio di tutta la popolazione e non soltanto dei pi\u00f9 fortunati in un paio di Cantoni. La popolazione in 18 Cantoni e anche la Confederazione riceverebbero molte pi\u00f9 risorse.<\/p><p>\u00a0<\/p><h4><strong>Perch\u00e9 ne beneficia soltanto il Cantone Zugo?<\/strong><\/h4><p>L\u2019attuazione svizzera dell\u2019imposta minima per i grandi gruppi \u00e8 iniqua, in quanto gli introiti non sarebbero distribuiti in modo equo. Ecco perch\u00e9 gli unici a trarne vantaggio sarebbero i Cantoni con imposte basse, dove sono ubicati i grandi gruppi industriali. Il Cantone Zugo \u00e8 quello preferito, perch\u00e9 l\u00ec hanno sede le principali multinazionali, ad esempio i grandi gruppi delle materie prime, come Glencore e BHP, o il colosso del cemento Holcim.<\/p><\/div><\/div><\/div>\t\t\t\t<\/div>\n\t\t\t\t<\/div>\n\t\t\t\t\t<\/div>\n\t\t<\/div>\n\t\t\t\t\t<\/div>\n\t\t<\/section>\n\t\t\t\t<\/div>\n\t\t","protected":false},"excerpt":{"rendered":"<p>No all\u2019imposta minima dell\u2019OCSE: non favorisce la popolazione Il progetto OCSE di una tassazione minima non comporta alcun beneficio per la popolazione. Gli unici a trarne vantaggio saranno infatti i [&hellip;]<\/p>\n","protected":false},"author":64,"featured_media":97349,"parent":0,"menu_order":0,"comment_status":"closed","ping_status":"closed","template":"","meta":{"footnotes":""},"class_list":["post-98848","page","type-page","status-publish","has-post-thumbnail","hentry"],"_links":{"self":[{"href":"https:\/\/www.sp-ps.ch\/it\/wp-json\/wp\/v2\/pages\/98848","targetHints":{"allow":["GET"]}}],"collection":[{"href":"https:\/\/www.sp-ps.ch\/it\/wp-json\/wp\/v2\/pages"}],"about":[{"href":"https:\/\/www.sp-ps.ch\/it\/wp-json\/wp\/v2\/types\/page"}],"author":[{"embeddable":true,"href":"https:\/\/www.sp-ps.ch\/it\/wp-json\/wp\/v2\/users\/64"}],"replies":[{"embeddable":true,"href":"https:\/\/www.sp-ps.ch\/it\/wp-json\/wp\/v2\/comments?post=98848"}],"version-history":[{"count":7,"href":"https:\/\/www.sp-ps.ch\/it\/wp-json\/wp\/v2\/pages\/98848\/revisions"}],"predecessor-version":[{"id":101350,"href":"https:\/\/www.sp-ps.ch\/it\/wp-json\/wp\/v2\/pages\/98848\/revisions\/101350"}],"wp:featuredmedia":[{"embeddable":true,"href":"https:\/\/www.sp-ps.ch\/it\/wp-json\/wp\/v2\/media\/97349"}],"wp:attachment":[{"href":"https:\/\/www.sp-ps.ch\/it\/wp-json\/wp\/v2\/media?parent=98848"}],"curies":[{"name":"wp","href":"https:\/\/api.w.org\/{rel}","templated":true}]}}